{"id":4061,"date":"2023-09-05T21:54:48","date_gmt":"2023-09-06T02:54:48","guid":{"rendered":"https:\/\/25thward.org\/empresas\/derechos-de-los-trabajadores\/"},"modified":"2026-01-29T14:43:27","modified_gmt":"2026-01-29T20:43:27","slug":"derechos-de-los-trabajadores","status":"publish","type":"page","link":"https:\/\/25thward.org\/es\/negocios\/derechos-de-los-trabajadores\/","title":{"rendered":"Derechos de los trabajadores"},"content":{"rendered":"\t\t<div data-elementor-type=\"wp-page\" data-elementor-id=\"4061\" class=\"elementor elementor-4061 elementor-2361\" data-elementor-post-type=\"page\">\n\t\t\t\t\t\t<section data-particle_enable=\"false\" data-particle-mobile-disabled=\"false\" class=\"elementor-section elementor-top-section elementor-element elementor-element-36bd7cb elementor-section-full_width animated-slow elementor-section-height-default elementor-section-height-default elementor-invisible\" data-id=\"36bd7cb\" data-element_type=\"section\" data-e-type=\"section\" data-settings=\"{&quot;background_background&quot;:&quot;classic&quot;,&quot;animation&quot;:&quot;fadeInRight&quot;}\">\n\t\t\t\t\t\t<div class=\"elementor-container elementor-column-gap-default\">\n\t\t\t\t\t<div class=\"elementor-column elementor-col-66 elementor-top-column elementor-element elementor-element-e1298f1\" data-id=\"e1298f1\" data-element_type=\"column\" data-e-type=\"column\">\n\t\t\t<div class=\"elementor-widget-wrap elementor-element-populated\">\n\t\t\t\t\t\t<div class=\"elementor-element elementor-element-bba1c8d elementor-widget elementor-widget-breadcrumbs\" data-id=\"bba1c8d\" data-element_type=\"widget\" data-e-type=\"widget\" data-widget_type=\"breadcrumbs.default\">\n\t\t\t\t<div class=\"elementor-widget-container\">\n\t\t\t\t\t<div id=\"breadcrumbs\"><span><span><a href=\"https:\/\/25thward.org\/es\/\">Home<\/a><\/span><\/span><\/div>\t\t\t\t<\/div>\n\t\t\t\t<\/div>\n\t\t\t\t\t<\/div>\n\t\t<\/div>\n\t\t\t\t<div class=\"elementor-column elementor-col-33 elementor-top-column elementor-element elementor-element-fd11a14 elementor-hidden-mobile\" data-id=\"fd11a14\" data-element_type=\"column\" data-e-type=\"column\">\n\t\t\t<div class=\"elementor-widget-wrap\">\n\t\t\t\t\t\t\t<\/div>\n\t\t<\/div>\n\t\t\t\t\t<\/div>\n\t\t<\/section>\n\t\t\t\t<section data-particle_enable=\"false\" data-particle-mobile-disabled=\"false\" class=\"elementor-section elementor-top-section elementor-element elementor-element-d90a818 elementor-section-full_width animated-slow elementor-section-height-default elementor-section-height-default elementor-invisible\" data-id=\"d90a818\" data-element_type=\"section\" data-e-type=\"section\" data-settings=\"{&quot;background_background&quot;:&quot;classic&quot;,&quot;animation&quot;:&quot;fadeInRight&quot;}\">\n\t\t\t\t\t\t<div class=\"elementor-container elementor-column-gap-default\">\n\t\t\t\t\t<div class=\"elementor-column elementor-col-66 elementor-top-column elementor-element elementor-element-abded7b\" data-id=\"abded7b\" data-element_type=\"column\" data-e-type=\"column\">\n\t\t\t<div class=\"elementor-widget-wrap elementor-element-populated\">\n\t\t\t\t\t\t<div class=\"elementor-element elementor-element-c0ac096 elementor-widget elementor-widget-heading\" data-id=\"c0ac096\" data-element_type=\"widget\" data-e-type=\"widget\" data-widget_type=\"heading.default\">\n\t\t\t\t<div class=\"elementor-widget-container\">\n\t\t\t\t\t<h2 class=\"elementor-heading-title elementor-size-default\">DERECHOS DE LOS TRABAJADORES<\/h2>\t\t\t\t<\/div>\n\t\t\t\t<\/div>\n\t\t\t\t<div class=\"elementor-element elementor-element-6bacc20 elementor-widget elementor-widget-text-editor\" data-id=\"6bacc20\" data-element_type=\"widget\" data-e-type=\"widget\" data-widget_type=\"text-editor.default\">\n\t\t\t\t<div class=\"elementor-widget-container\">\n\t\t\t\t\t\t\t\t\t<p><span style=\"font-weight: 400;\">La mayor\u00eda de los trabajadores tienen estos derechos en la ciudad de Chicago independientemente de su estatus migratorio, raza, identidad de g\u00e9nero, orientaci\u00f3n sexual o afiliaci\u00f3n religiosa:<\/span><\/p><ul><li style=\"list-style-type: none;\"><ul><li><strong><a href=\"https:\/\/www.chicago.gov\/city\/en\/depts\/bacp\/supp_info\/minimumwageinformation.html\" target=\"_blank\" rel=\"noopener\">Derecho al salario m\u00ednimo<\/a><\/strong><\/li><li><a href=\"https:\/\/www.chicago.gov\/city\/en\/depts\/bacp\/supp_info\/paidsickleaveinfo.html\" target=\"_blank\" rel=\"noopener\">Derecho al permiso por enfermedad retribuido<\/a><\/li><li><a href=\"https:\/\/www.chicago.gov\/content\/dam\/city\/depts\/cchr\/supp_info\/CCHRSexualHarassmentFlyerJULY2019.pdf\" target=\"_blank\" rel=\"noopener\">Derecho a un trabajo libre de acoso sexual<\/a><\/li><li><a href=\"https:\/\/www.chicago.gov\/city\/en\/depts\/bacp\/supp_info\/minimumwageinformation.html\" target=\"_blank\" rel=\"noopener\">Derecho al pago de las horas extraordinarias por encima de 40 horas de trabajo<\/a><\/li><li><a href=\"https:\/\/ag.state.il.us\/rights\/WorkplaceRightsKnowYourRIghtsBrochure2023.pdf\" target=\"_blank\" rel=\"noopener\">Derecho al trabajo sin discriminaci\u00f3n<\/a><\/li><li><a href=\"https:\/\/labor.illinois.gov\/faqs\/odrisa-faq.html\" target=\"_blank\" rel=\"noopener\">Derecho a un d\u00eda de descanso en siete\/descanso para comer<\/a><\/li><li>Derecho a controlar y conservar sus documentos de identidad (por ejemplo, visado de trabajo, pasaporte, documento nacional de identidad, partida de nacimiento).<\/li><\/ul><\/li><\/ul><p><span style=\"font-weight: 400;\">Dependiendo de su sector y del tama\u00f1o de su empresa, estos derechos pueden variar en cada caso. Si cree <\/span><span style=\"font-weight: 400;\">que ha sido v\u00edctima de discriminaci\u00f3n o no est\u00e1 seguro de qu\u00e9 derechos le corresponden, llame a la Oficina del Distrito o a la <a href=\"https:\/\/www.chicago.gov\/city\/en\/depts\/bacp\/supp_info\/office-of-labor-standards.html\" target=\"_blank\" rel=\"noopener\">Oficina de Normas Laborales de la Ciudad de Chicago<\/a> para presentar una denuncia.<\/span><\/p>\t\t\t\t\t\t\t\t<\/div>\n\t\t\t\t<\/div>\n\t\t\t\t\t<\/div>\n\t\t<\/div>\n\t\t\t\t<div class=\"elementor-column elementor-col-33 elementor-top-column elementor-element elementor-element-faf6d27 elementor-hidden-mobile\" data-id=\"faf6d27\" data-element_type=\"column\" data-e-type=\"column\">\n\t\t\t<div class=\"elementor-widget-wrap\">\n\t\t\t\t\t\t\t<\/div>\n\t\t<\/div>\n\t\t\t\t\t<\/div>\n\t\t<\/section>\n\t\t\t\t<section data-particle_enable=\"false\" data-particle-mobile-disabled=\"false\" class=\"elementor-section elementor-top-section elementor-element elementor-element-f6dffd4 elementor-section-boxed elementor-section-height-default elementor-section-height-default\" data-id=\"f6dffd4\" data-element_type=\"section\" data-e-type=\"section\">\n\t\t\t\t\t\t<div class=\"elementor-container elementor-column-gap-default\">\n\t\t\t\t\t<div class=\"elementor-column elementor-col-100 elementor-top-column elementor-element elementor-element-306879d\" data-id=\"306879d\" data-element_type=\"column\" data-e-type=\"column\">\n\t\t\t<div class=\"elementor-widget-wrap elementor-element-populated\">\n\t\t\t\t\t\t<div class=\"elementor-element elementor-element-c6d1ac0 elementor-skin-coverflow elementor-widget elementor-widget-media-carousel\" data-id=\"c6d1ac0\" data-element_type=\"widget\" data-e-type=\"widget\" data-settings=\"{&quot;skin&quot;:&quot;coverflow&quot;,&quot;speed&quot;:500,&quot;autoplay&quot;:&quot;yes&quot;,&quot;autoplay_speed&quot;:5000,&quot;loop&quot;:&quot;yes&quot;,&quot;pause_on_hover&quot;:&quot;yes&quot;,&quot;pause_on_interaction&quot;:&quot;yes&quot;,&quot;space_between&quot;:{&quot;unit&quot;:&quot;px&quot;,&quot;size&quot;:10,&quot;sizes&quot;:[]},&quot;space_between_tablet&quot;:{&quot;unit&quot;:&quot;px&quot;,&quot;size&quot;:10,&quot;sizes&quot;:[]},&quot;space_between_mobile&quot;:{&quot;unit&quot;:&quot;px&quot;,&quot;size&quot;:10,&quot;sizes&quot;:[]}}\" data-widget_type=\"media-carousel.default\">\n\t\t\t\t<div class=\"elementor-widget-container\">\n\t\t\t\t\t\t\t\t\t<div class=\"elementor-swiper\">\n\t\t\t\t\t<div class=\"elementor-main-swiper swiper\" role=\"region\" aria-roledescription=\"carousel\" aria-label=\"Slides\">\n\t\t\t\t<div class=\"swiper-wrapper\">\n\t\t\t\t\t\t\t\t\t\t\t<div class=\"swiper-slide\" role=\"group\" aria-roledescription=\"slide\">\n\t\t\t\t\t\t\t\t\t<div class=\"elementor-carousel-image\" role=\"img\" aria-label=\"IMG_1025\" style=\"background-image: url(&#039;https:\/\/25thward.org\/wp-content\/uploads\/2023\/08\/IMG_1025.jpg&#039;)\">\n\n\t\t\t\n\t\t\t\t\t<\/div>\n\t\t\t\t\t\t\t\t<\/div>\n\t\t\t\t\t\t\t\t\t\t\t<div class=\"swiper-slide\" role=\"group\" aria-roledescription=\"slide\">\n\t\t\t\t\t\t\t\t\t<div class=\"elementor-carousel-image\" role=\"img\" aria-label=\"IMG_2806\" style=\"background-image: url(&#039;https:\/\/25thward.org\/wp-content\/uploads\/2023\/08\/IMG_2806.jpg&#039;)\">\n\n\t\t\t\n\t\t\t\t\t<\/div>\n\t\t\t\t\t\t\t\t<\/div>\n\t\t\t\t\t\t\t\t\t\t\t<div class=\"swiper-slide\" role=\"group\" aria-roledescription=\"slide\">\n\t\t\t\t\t\t\t\t\t<div class=\"elementor-carousel-image\" role=\"img\" aria-label=\"IMG_2807\" style=\"background-image: url(&#039;https:\/\/25thward.org\/wp-content\/uploads\/2023\/08\/IMG_2807.jpg&#039;)\">\n\n\t\t\t\n\t\t\t\t\t<\/div>\n\t\t\t\t\t\t\t\t<\/div>\n\t\t\t\t\t\t\t\t\t\t\t<div class=\"swiper-slide\" role=\"group\" aria-roledescription=\"slide\">\n\t\t\t\t\t\t\t\t\t<div class=\"elementor-carousel-image\" role=\"img\" aria-label=\"356815834_747002440764752_8992970277668626947_n\" style=\"background-image: url(&#039;https:\/\/25thward.org\/wp-content\/uploads\/2023\/08\/356815834_747002440764752_8992970277668626947_n.jpg&#039;)\">\n\n\t\t\t\n\t\t\t\t\t<\/div>\n\t\t\t\t\t\t\t\t<\/div>\n\t\t\t\t\t\t\t\t\t<\/div>\n\t\t\t\t\t\t\t\t\t\t\t\t\t\t\t\t\t\t\t\t\t<\/div>\n\t\t\t\t<\/div>\n\t\t\t\t\t\t\t\t<\/div>\n\t\t\t\t<\/div>\n\t\t\t\t\t<\/div>\n\t\t<\/div>\n\t\t\t\t\t<\/div>\n\t\t<\/section>\n\t\t\t\t<\/div>\n\t\t","protected":false},"excerpt":{"rendered":"<p>DERECHOS DE LOS TRABAJADORES La mayor\u00eda de los trabajadores tienen estos derechos en la ciudad de Chicago independientemente de su estatus migratorio, raza, identidad de g\u00e9nero, orientaci\u00f3n sexual o afiliaci\u00f3n religiosa: Derecho al salario m\u00ednimo Derecho al permiso por enfermedad retribuido Derecho a un trabajo libre de acoso sexual Derecho al pago de las horas [&hellip;]<\/p>\n","protected":false},"author":1,"featured_media":0,"parent":3868,"menu_order":0,"comment_status":"closed","ping_status":"closed","template":"","meta":{"site-sidebar-layout":"no-sidebar","site-content-layout":"page-builder","ast-site-content-layout":"full-width-container","site-content-style":"unboxed","site-sidebar-style":"unboxed","ast-global-header-display":"","ast-banner-title-visibility":"","ast-main-header-display":"","ast-hfb-above-header-display":"","ast-hfb-below-header-display":"","ast-hfb-mobile-header-display":"","site-post-title":"disabled","ast-breadcrumbs-content":"","ast-featured-img":"disabled","footer-sml-layout":"","theme-transparent-header-meta":"","adv-header-id-meta":"","stick-header-meta":"","header-above-stick-meta":"","header-main-stick-meta":"","header-below-stick-meta":"","astra-migrate-meta-layouts":"default","ast-page-background-enabled":"default","ast-page-background-meta":{"desktop":{"background-color":"var(--ast-global-color-4)","background-image":"","background-repeat":"repeat","background-position":"center center","background-size":"auto","background-attachment":"scroll","background-type":"","background-media":"","overlay-type":"","overlay-color":"","overlay-opacity":"","overlay-gradient":""},"tablet":{"background-color":"","background-image":"","background-repeat":"repeat","background-position":"center center","background-size":"auto","background-attachment":"scroll","background-type":"","background-media":"","overlay-type":"","overlay-color":"","overlay-opacity":"","overlay-gradient":""},"mobile":{"background-color":"","background-image":"","background-repeat":"repeat","background-position":"center center","background-size":"auto","background-attachment":"scroll","background-type":"","background-media":"","overlay-type":"","overlay-color":"","overlay-opacity":"","overlay-gradient":""}},"ast-content-background-meta":{"desktop":{"background-color":"var(--ast-global-color-5)","background-image":"","background-repeat":"repeat","background-position":"center center","background-size":"auto","background-attachment":"scroll","background-type":"","background-media":"","overlay-type":"","overlay-color":"","overlay-opacity":"","overlay-gradient":""},"tablet":{"background-color":"var(--ast-global-color-5)","background-image":"","background-repeat":"repeat","background-position":"center center","background-size":"auto","background-attachment":"scroll","background-type":"","background-media":"","overlay-type":"","overlay-color":"","overlay-opacity":"","overlay-gradient":""},"mobile":{"background-color":"var(--ast-global-color-5)","background-image":"","background-repeat":"repeat","background-position":"center center","background-size":"auto","background-attachment":"scroll","background-type":"","background-media":"","overlay-type":"","overlay-color":"","overlay-opacity":"","overlay-gradient":""}},"footnotes":""},"wf_page_folders":[],"class_list":["post-4061","page","type-page","status-publish","hentry"],"yoast_head":"<!-- This site is optimized with the Yoast SEO Premium plugin v24.5 (Yoast SEO v27.4) - https:\/\/yoast.com\/product\/yoast-seo-premium-wordpress\/ -->\n<title>Derechos de los trabajadores - 25 Th Ward<\/title>\n<meta name=\"robots\" content=\"index, follow, max-snippet:-1, max-image-preview:large, max-video-preview:-1\" \/>\n<link rel=\"canonical\" href=\"https:\/\/25thward.org\/es\/negocios\/derechos-de-los-trabajadores\/\" \/>\n<meta property=\"og:locale\" content=\"es_ES\" \/>\n<meta property=\"og:type\" content=\"article\" \/>\n<meta property=\"og:title\" content=\"Derechos de los trabajadores\" \/>\n<meta property=\"og:description\" content=\"DERECHOS DE LOS TRABAJADORES La mayor\u00eda de los trabajadores tienen estos derechos en la ciudad de Chicago independientemente de su estatus migratorio, raza, identidad de g\u00e9nero, orientaci\u00f3n sexual o afiliaci\u00f3n religiosa: Derecho al salario m\u00ednimo Derecho al permiso por enfermedad retribuido Derecho a un trabajo libre de acoso sexual Derecho al pago de las horas [&hellip;]\" \/>\n<meta property=\"og:url\" content=\"https:\/\/25thward.org\/es\/negocios\/derechos-de-los-trabajadores\/\" \/>\n<meta property=\"og:site_name\" content=\"25 Th Ward\" \/>\n<meta property=\"article:publisher\" content=\"https:\/\/www.facebook.com\/SigchoFor25\" \/>\n<meta property=\"article:modified_time\" content=\"2026-01-29T20:43:27+00:00\" \/>\n<meta property=\"og:image\" content=\"https:\/\/25thward.org\/wp-content\/uploads\/2023\/08\/Byron-Sigcho-Lopez-Logo-2023-Black.png\" \/>\n\t<meta property=\"og:image:width\" content=\"940\" \/>\n\t<meta property=\"og:image:height\" content=\"788\" \/>\n\t<meta property=\"og:image:type\" content=\"image\/png\" \/>\n<meta name=\"twitter:card\" content=\"summary_large_image\" \/>\n<meta name=\"twitter:site\" content=\"@byronsigcho\" \/>\n<meta name=\"twitter:label1\" content=\"Tiempo de lectura\" \/>\n\t<meta name=\"twitter:data1\" content=\"1 minuto\" \/>\n<script type=\"application\/ld+json\" class=\"yoast-schema-graph\">{\"@context\":\"https:\\\/\\\/schema.org\",\"@graph\":[{\"@type\":\"WebPage\",\"@id\":\"https:\\\/\\\/25thward.org\\\/es\\\/negocios\\\/derechos-de-los-trabajadores\\\/\",\"url\":\"https:\\\/\\\/25thward.org\\\/es\\\/negocios\\\/derechos-de-los-trabajadores\\\/\",\"name\":\"Derechos de los trabajadores - 25 Th Ward\",\"isPartOf\":{\"@id\":\"https:\\\/\\\/25thward.org\\\/#website\"},\"datePublished\":\"2023-09-06T02:54:48+00:00\",\"dateModified\":\"2026-01-29T20:43:27+00:00\",\"breadcrumb\":{\"@id\":\"https:\\\/\\\/25thward.org\\\/es\\\/negocios\\\/derechos-de-los-trabajadores\\\/#breadcrumb\"},\"inLanguage\":\"es\",\"potentialAction\":[{\"@type\":\"ReadAction\",\"target\":[\"https:\\\/\\\/25thward.org\\\/es\\\/negocios\\\/derechos-de-los-trabajadores\\\/\"]}]},{\"@type\":\"BreadcrumbList\",\"@id\":\"https:\\\/\\\/25thward.org\\\/es\\\/negocios\\\/derechos-de-los-trabajadores\\\/#breadcrumb\",\"itemListElement\":[{\"@type\":\"ListItem\",\"position\":1,\"name\":\"Home\",\"item\":\"https:\\\/\\\/25thward.org\\\/es\\\/\"},{\"@type\":\"ListItem\",\"position\":2,\"name\":\"Negocios\",\"item\":\"https:\\\/\\\/25thward.org\\\/es\\\/negocios\\\/\"},{\"@type\":\"ListItem\",\"position\":3,\"name\":\"Derechos de los trabajadores\"}]},{\"@type\":\"WebSite\",\"@id\":\"https:\\\/\\\/25thward.org\\\/#website\",\"url\":\"https:\\\/\\\/25thward.org\\\/\",\"name\":\"25 Th Ward\",\"description\":\"\",\"publisher\":{\"@id\":\"https:\\\/\\\/25thward.org\\\/#organization\"},\"potentialAction\":[{\"@type\":\"SearchAction\",\"target\":{\"@type\":\"EntryPoint\",\"urlTemplate\":\"https:\\\/\\\/25thward.org\\\/?s={search_term_string}\"},\"query-input\":{\"@type\":\"PropertyValueSpecification\",\"valueRequired\":true,\"valueName\":\"search_term_string\"}}],\"inLanguage\":\"es\"},{\"@type\":\"Organization\",\"@id\":\"https:\\\/\\\/25thward.org\\\/#organization\",\"name\":\"Byron Sigcho Lopez\",\"url\":\"https:\\\/\\\/25thward.org\\\/\",\"logo\":{\"@type\":\"ImageObject\",\"inLanguage\":\"es\",\"@id\":\"https:\\\/\\\/25thward.org\\\/#\\\/schema\\\/logo\\\/image\\\/\",\"url\":\"https:\\\/\\\/25thward.org\\\/wp-content\\\/uploads\\\/2023\\\/08\\\/Untitled-design-5.png\",\"contentUrl\":\"https:\\\/\\\/25thward.org\\\/wp-content\\\/uploads\\\/2023\\\/08\\\/Untitled-design-5.png\",\"width\":6912,\"height\":3456,\"caption\":\"Byron Sigcho Lopez\"},\"image\":{\"@id\":\"https:\\\/\\\/25thward.org\\\/#\\\/schema\\\/logo\\\/image\\\/\"},\"sameAs\":[\"https:\\\/\\\/www.facebook.com\\\/SigchoFor25\",\"https:\\\/\\\/x.com\\\/byronsigcho\",\"https:\\\/\\\/www.instagram.com\\\/sigchofor25\\\/\"]}]}<\/script>\n<!-- \/ Yoast SEO Premium plugin. -->","yoast_head_json":{"title":"Derechos de los trabajadores - 25 Th Ward","robots":{"index":"index","follow":"follow","max-snippet":"max-snippet:-1","max-image-preview":"max-image-preview:large","max-video-preview":"max-video-preview:-1"},"canonical":"https:\/\/25thward.org\/es\/negocios\/derechos-de-los-trabajadores\/","og_locale":"es_ES","og_type":"article","og_title":"Derechos de los trabajadores","og_description":"DERECHOS DE LOS TRABAJADORES La mayor\u00eda de los trabajadores tienen estos derechos en la ciudad de Chicago independientemente de su estatus migratorio, raza, identidad de g\u00e9nero, orientaci\u00f3n sexual o afiliaci\u00f3n religiosa: Derecho al salario m\u00ednimo Derecho al permiso por enfermedad retribuido Derecho a un trabajo libre de acoso sexual Derecho al pago de las horas [&hellip;]","og_url":"https:\/\/25thward.org\/es\/negocios\/derechos-de-los-trabajadores\/","og_site_name":"25 Th Ward","article_publisher":"https:\/\/www.facebook.com\/SigchoFor25","article_modified_time":"2026-01-29T20:43:27+00:00","og_image":[{"width":940,"height":788,"url":"https:\/\/25thward.org\/wp-content\/uploads\/2023\/08\/Byron-Sigcho-Lopez-Logo-2023-Black.png","type":"image\/png"}],"twitter_card":"summary_large_image","twitter_site":"@byronsigcho","twitter_misc":{"Tiempo de lectura":"1 minuto"},"schema":{"@context":"https:\/\/schema.org","@graph":[{"@type":"WebPage","@id":"https:\/\/25thward.org\/es\/negocios\/derechos-de-los-trabajadores\/","url":"https:\/\/25thward.org\/es\/negocios\/derechos-de-los-trabajadores\/","name":"Derechos de los trabajadores - 25 Th Ward","isPartOf":{"@id":"https:\/\/25thward.org\/#website"},"datePublished":"2023-09-06T02:54:48+00:00","dateModified":"2026-01-29T20:43:27+00:00","breadcrumb":{"@id":"https:\/\/25thward.org\/es\/negocios\/derechos-de-los-trabajadores\/#breadcrumb"},"inLanguage":"es","potentialAction":[{"@type":"ReadAction","target":["https:\/\/25thward.org\/es\/negocios\/derechos-de-los-trabajadores\/"]}]},{"@type":"BreadcrumbList","@id":"https:\/\/25thward.org\/es\/negocios\/derechos-de-los-trabajadores\/#breadcrumb","itemListElement":[{"@type":"ListItem","position":1,"name":"Home","item":"https:\/\/25thward.org\/es\/"},{"@type":"ListItem","position":2,"name":"Negocios","item":"https:\/\/25thward.org\/es\/negocios\/"},{"@type":"ListItem","position":3,"name":"Derechos de los trabajadores"}]},{"@type":"WebSite","@id":"https:\/\/25thward.org\/#website","url":"https:\/\/25thward.org\/","name":"25 Th Ward","description":"","publisher":{"@id":"https:\/\/25thward.org\/#organization"},"potentialAction":[{"@type":"SearchAction","target":{"@type":"EntryPoint","urlTemplate":"https:\/\/25thward.org\/?s={search_term_string}"},"query-input":{"@type":"PropertyValueSpecification","valueRequired":true,"valueName":"search_term_string"}}],"inLanguage":"es"},{"@type":"Organization","@id":"https:\/\/25thward.org\/#organization","name":"Byron Sigcho Lopez","url":"https:\/\/25thward.org\/","logo":{"@type":"ImageObject","inLanguage":"es","@id":"https:\/\/25thward.org\/#\/schema\/logo\/image\/","url":"https:\/\/25thward.org\/wp-content\/uploads\/2023\/08\/Untitled-design-5.png","contentUrl":"https:\/\/25thward.org\/wp-content\/uploads\/2023\/08\/Untitled-design-5.png","width":6912,"height":3456,"caption":"Byron Sigcho Lopez"},"image":{"@id":"https:\/\/25thward.org\/#\/schema\/logo\/image\/"},"sameAs":["https:\/\/www.facebook.com\/SigchoFor25","https:\/\/x.com\/byronsigcho","https:\/\/www.instagram.com\/sigchofor25\/"]}]}},"_links":{"self":[{"href":"https:\/\/25thward.org\/es\/wp-json\/wp\/v2\/pages\/4061","targetHints":{"allow":["GET"]}}],"collection":[{"href":"https:\/\/25thward.org\/es\/wp-json\/wp\/v2\/pages"}],"about":[{"href":"https:\/\/25thward.org\/es\/wp-json\/wp\/v2\/types\/page"}],"author":[{"embeddable":true,"href":"https:\/\/25thward.org\/es\/wp-json\/wp\/v2\/users\/1"}],"replies":[{"embeddable":true,"href":"https:\/\/25thward.org\/es\/wp-json\/wp\/v2\/comments?post=4061"}],"version-history":[{"count":12,"href":"https:\/\/25thward.org\/es\/wp-json\/wp\/v2\/pages\/4061\/revisions"}],"predecessor-version":[{"id":15512,"href":"https:\/\/25thward.org\/es\/wp-json\/wp\/v2\/pages\/4061\/revisions\/15512"}],"up":[{"embeddable":true,"href":"https:\/\/25thward.org\/es\/wp-json\/wp\/v2\/pages\/3868"}],"wp:attachment":[{"href":"https:\/\/25thward.org\/es\/wp-json\/wp\/v2\/media?parent=4061"}],"wp:term":[{"taxonomy":"wf_page_folders","embeddable":true,"href":"https:\/\/25thward.org\/es\/wp-json\/wp\/v2\/wf_page_folders?post=4061"}],"curies":[{"name":"wp","href":"https:\/\/api.w.org\/{rel}","templated":true}]}}