{"id":3992,"date":"2023-08-24T19:37:53","date_gmt":"2023-08-25T00:37:53","guid":{"rendered":"https:\/\/25thward.org\/aplicaciones\/nuevo-permiso-de-estacionamiento-residencial\/"},"modified":"2026-01-29T09:08:12","modified_gmt":"2026-01-29T15:08:12","slug":"nuevo-permiso-de-estacionamiento-residencial","status":"publish","type":"page","link":"https:\/\/25thward.org\/es\/residentes\/aplicaciones\/nuevo-permiso-de-estacionamiento-residencial\/","title":{"rendered":"Permiso de estacionamiento residencial"},"content":{"rendered":"\t\t<div data-elementor-type=\"wp-page\" data-elementor-id=\"3992\" class=\"elementor elementor-3992 elementor-1490\" data-elementor-post-type=\"page\">\n\t\t\t\t\t\t<section data-particle_enable=\"false\" data-particle-mobile-disabled=\"false\" class=\"elementor-section elementor-top-section elementor-element elementor-element-f5f5762 elementor-section-full_width animated-slow elementor-section-height-default elementor-section-height-default elementor-invisible\" data-id=\"f5f5762\" data-element_type=\"section\" data-e-type=\"section\" data-settings=\"{&quot;background_background&quot;:&quot;classic&quot;,&quot;animation&quot;:&quot;fadeInRight&quot;}\">\n\t\t\t\t\t\t<div class=\"elementor-container elementor-column-gap-default\">\n\t\t\t\t\t<div class=\"elementor-column elementor-col-66 elementor-top-column elementor-element elementor-element-5563307\" data-id=\"5563307\" data-element_type=\"column\" data-e-type=\"column\">\n\t\t\t<div class=\"elementor-widget-wrap elementor-element-populated\">\n\t\t\t\t\t\t<div class=\"elementor-element elementor-element-8017704 elementor-widget elementor-widget-breadcrumbs\" data-id=\"8017704\" data-element_type=\"widget\" data-e-type=\"widget\" data-widget_type=\"breadcrumbs.default\">\n\t\t\t\t<div class=\"elementor-widget-container\">\n\t\t\t\t\t<div id=\"breadcrumbs\"><span><span><a href=\"https:\/\/25thward.org\/es\/\">Home<\/a><\/span><\/span><\/div>\t\t\t\t<\/div>\n\t\t\t\t<\/div>\n\t\t\t\t\t<\/div>\n\t\t<\/div>\n\t\t\t\t<div class=\"elementor-column elementor-col-33 elementor-top-column elementor-element elementor-element-42b4c52 elementor-hidden-mobile\" data-id=\"42b4c52\" data-element_type=\"column\" data-e-type=\"column\">\n\t\t\t<div class=\"elementor-widget-wrap\">\n\t\t\t\t\t\t\t<\/div>\n\t\t<\/div>\n\t\t\t\t\t<\/div>\n\t\t<\/section>\n\t\t\t\t<section data-particle_enable=\"false\" data-particle-mobile-disabled=\"false\" class=\"elementor-section elementor-top-section elementor-element elementor-element-81add71 elementor-section-full_width animated-slow elementor-section-height-default elementor-section-height-default elementor-invisible\" data-id=\"81add71\" data-element_type=\"section\" data-e-type=\"section\" data-settings=\"{&quot;background_background&quot;:&quot;classic&quot;,&quot;animation&quot;:&quot;fadeInRight&quot;}\">\n\t\t\t\t\t\t<div class=\"elementor-container elementor-column-gap-default\">\n\t\t\t\t\t<div class=\"elementor-column elementor-col-66 elementor-top-column elementor-element elementor-element-fa179be\" data-id=\"fa179be\" data-element_type=\"column\" data-e-type=\"column\">\n\t\t\t<div class=\"elementor-widget-wrap elementor-element-populated\">\n\t\t\t\t\t\t<div class=\"elementor-element elementor-element-18cc6b6 elementor-widget elementor-widget-heading\" data-id=\"18cc6b6\" data-element_type=\"widget\" data-e-type=\"widget\" data-widget_type=\"heading.default\">\n\t\t\t\t<div class=\"elementor-widget-container\">\n\t\t\t\t\t<h2 class=\"elementor-heading-title elementor-size-default\">PERMISO DE ESTACIONAMIENTO RESIDENCIAL<\/h2>\t\t\t\t<\/div>\n\t\t\t\t<\/div>\n\t\t\t\t<div class=\"elementor-element elementor-element-374892f elementor-widget elementor-widget-text-editor\" data-id=\"374892f\" data-element_type=\"widget\" data-e-type=\"widget\" data-widget_type=\"text-editor.default\">\n\t\t\t\t<div class=\"elementor-widget-container\">\n\t\t\t\t\t\t\t\t\t<p><span style=\"font-weight: 400;\">Para establecer una zona de estacionamiento con permiso residencial en su bloque, los residentes deben obtener al menos el 65% de las firmas de los que residen en el bloque y la designaci\u00f3n de la calle debe tener la zonificaci\u00f3n adecuada para su consideraci\u00f3n.<\/span><\/p><p><span style=\"font-weight: 400;\">La aplicaci\u00f3n se puede encontrar aqu\u00ed.<\/span><br \/><strong><a class=\"views-documents\" href=\"https:\/\/25thward.org\/wp-content\/uploads\/2023\/08\/Document-8.pdf\" target=\"_blank\" rel=\"noopener\"><br \/><span class=\"elementor-button-content-wrapper\"><br \/><span class=\"elementor-button-content-wrapper\"><br \/><span class=\"elementor-button-icon elementor-align-icon-right\"><br \/><\/span><br \/><span class=\"elementor-button-text\">Ver formulario <\/span><br \/><\/span><br \/><\/span><\/a><\/strong><\/p>\t\t\t\t\t\t\t\t<\/div>\n\t\t\t\t<\/div>\n\t\t\t\t<div class=\"elementor-element elementor-element-ae01164 elementor-widget elementor-widget-text-editor\" data-id=\"ae01164\" data-element_type=\"widget\" data-e-type=\"widget\" data-widget_type=\"text-editor.default\">\n\t\t\t\t<div class=\"elementor-widget-container\">\n\t\t\t\t\t\t\t\t\t<p><span style=\"font-weight: 400;\">Env\u00ede las solicitudes completas por correo electr\u00f3nico o en persona en la oficina del Distrito 25. Todas las solicitudes de permiso de estacionamiento residencial, una vez aprobadas, se presentar\u00e1n como ordenanzas y deben ser aprobadas por el Concejo Municipal.<\/span><\/p>\n\t\t\t\t\t\t\t\t<\/div>\n\t\t\t\t<\/div>\n\t\t\t\t\t<\/div>\n\t\t<\/div>\n\t\t\t\t<div class=\"elementor-column elementor-col-33 elementor-top-column elementor-element elementor-element-205f326\" data-id=\"205f326\" data-element_type=\"column\" data-e-type=\"column\">\n\t\t\t<div class=\"elementor-widget-wrap\">\n\t\t\t\t\t\t\t<\/div>\n\t\t<\/div>\n\t\t\t\t\t<\/div>\n\t\t<\/section>\n\t\t\t\t<section data-particle_enable=\"false\" data-particle-mobile-disabled=\"false\" class=\"elementor-section elementor-top-section elementor-element elementor-element-11ce554 elementor-section-boxed elementor-section-height-default elementor-section-height-default elementor-invisible\" data-id=\"11ce554\" data-element_type=\"section\" data-e-type=\"section\" data-settings=\"{&quot;animation&quot;:&quot;fadeInLeft&quot;}\">\n\t\t\t\t\t\t<div class=\"elementor-container elementor-column-gap-default\">\n\t\t\t\t\t<div class=\"elementor-column elementor-col-100 elementor-top-column elementor-element elementor-element-675c95a\" data-id=\"675c95a\" data-element_type=\"column\" data-e-type=\"column\">\n\t\t\t<div class=\"elementor-widget-wrap elementor-element-populated\">\n\t\t\t\t\t\t<div class=\"elementor-element elementor-element-1e3638d elementor-skin-coverflow elementor-widget elementor-widget-media-carousel\" data-id=\"1e3638d\" data-element_type=\"widget\" data-e-type=\"widget\" data-settings=\"{&quot;skin&quot;:&quot;coverflow&quot;,&quot;speed&quot;:500,&quot;autoplay&quot;:&quot;yes&quot;,&quot;autoplay_speed&quot;:5000,&quot;loop&quot;:&quot;yes&quot;,&quot;pause_on_hover&quot;:&quot;yes&quot;,&quot;pause_on_interaction&quot;:&quot;yes&quot;,&quot;space_between&quot;:{&quot;unit&quot;:&quot;px&quot;,&quot;size&quot;:10,&quot;sizes&quot;:[]},&quot;space_between_tablet&quot;:{&quot;unit&quot;:&quot;px&quot;,&quot;size&quot;:10,&quot;sizes&quot;:[]},&quot;space_between_mobile&quot;:{&quot;unit&quot;:&quot;px&quot;,&quot;size&quot;:10,&quot;sizes&quot;:[]}}\" data-widget_type=\"media-carousel.default\">\n\t\t\t\t<div class=\"elementor-widget-container\">\n\t\t\t\t\t\t\t\t\t<div class=\"elementor-swiper\">\n\t\t\t\t\t<div class=\"elementor-main-swiper swiper\" role=\"region\" aria-roledescription=\"carousel\" aria-label=\"Slides\">\n\t\t\t\t<div class=\"swiper-wrapper\">\n\t\t\t\t\t\t\t\t\t\t\t<div class=\"swiper-slide\" role=\"group\" aria-roledescription=\"slide\">\n\t\t\t\t\t\t\t\t\t<div class=\"elementor-carousel-image\" role=\"img\" aria-label=\"20220303_123303_resized\" style=\"background-image: url(&#039;https:\/\/25thward.org\/wp-content\/uploads\/2023\/09\/20220303_123303_resized.jpg&#039;)\">\n\n\t\t\t\n\t\t\t\t\t<\/div>\n\t\t\t\t\t\t\t\t<\/div>\n\t\t\t\t\t\t\t\t\t<\/div>\n\t\t\t\t\t\t\t<\/div>\n\t\t\t\t<\/div>\n\t\t\t\t\t\t\t\t<\/div>\n\t\t\t\t<\/div>\n\t\t\t\t\t<\/div>\n\t\t<\/div>\n\t\t\t\t\t<\/div>\n\t\t<\/section>\n\t\t\t\t<\/div>\n\t\t","protected":false},"excerpt":{"rendered":"<p>PERMISO DE ESTACIONAMIENTO RESIDENCIAL Para establecer una zona de estacionamiento con permiso residencial en su bloque, los residentes deben obtener al menos el 65% de las firmas de los que residen en el bloque y la designaci\u00f3n de la calle debe tener la zonificaci\u00f3n adecuada para su consideraci\u00f3n. La aplicaci\u00f3n se puede encontrar aqu\u00ed. Ver [&hellip;]<\/p>\n","protected":false},"author":1,"featured_media":0,"parent":3968,"menu_order":0,"comment_status":"closed","ping_status":"closed","template":"","meta":{"site-sidebar-layout":"no-sidebar","site-content-layout":"page-builder","ast-site-content-layout":"full-width-container","site-content-style":"unboxed","site-sidebar-style":"unboxed","ast-global-header-display":"","ast-banner-title-visibility":"","ast-main-header-display":"","ast-hfb-above-header-display":"","ast-hfb-below-header-display":"","ast-hfb-mobile-header-display":"","site-post-title":"disabled","ast-breadcrumbs-content":"","ast-featured-img":"disabled","footer-sml-layout":"","theme-transparent-header-meta":"","adv-header-id-meta":"","stick-header-meta":"","header-above-stick-meta":"","header-main-stick-meta":"","header-below-stick-meta":"","astra-migrate-meta-layouts":"default","ast-page-background-enabled":"default","ast-page-background-meta":{"desktop":{"background-color":"var(--ast-global-color-4)","background-image":"","background-repeat":"repeat","background-position":"center center","background-size":"auto","background-attachment":"scroll","background-type":"","background-media":"","overlay-type":"","overlay-color":"","overlay-opacity":"","overlay-gradient":""},"tablet":{"background-color":"","background-image":"","background-repeat":"repeat","background-position":"center center","background-size":"auto","background-attachment":"scroll","background-type":"","background-media":"","overlay-type":"","overlay-color":"","overlay-opacity":"","overlay-gradient":""},"mobile":{"background-color":"","background-image":"","background-repeat":"repeat","background-position":"center center","background-size":"auto","background-attachment":"scroll","background-type":"","background-media":"","overlay-type":"","overlay-color":"","overlay-opacity":"","overlay-gradient":""}},"ast-content-background-meta":{"desktop":{"background-color":"var(--ast-global-color-5)","background-image":"","background-repeat":"repeat","background-position":"center center","background-size":"auto","background-attachment":"scroll","background-type":"","background-media":"","overlay-type":"","overlay-color":"","overlay-opacity":"","overlay-gradient":""},"tablet":{"background-color":"var(--ast-global-color-5)","background-image":"","background-repeat":"repeat","background-position":"center center","background-size":"auto","background-attachment":"scroll","background-type":"","background-media":"","overlay-type":"","overlay-color":"","overlay-opacity":"","overlay-gradient":""},"mobile":{"background-color":"var(--ast-global-color-5)","background-image":"","background-repeat":"repeat","background-position":"center center","background-size":"auto","background-attachment":"scroll","background-type":"","background-media":"","overlay-type":"","overlay-color":"","overlay-opacity":"","overlay-gradient":""}},"footnotes":""},"wf_page_folders":[19],"class_list":["post-3992","page","type-page","status-publish","hentry"],"yoast_head":"<!-- This site is optimized with the Yoast SEO Premium plugin v24.5 (Yoast SEO v27.4) - https:\/\/yoast.com\/product\/yoast-seo-premium-wordpress\/ -->\n<title>Permiso de estacionamiento residencial - 25 Th Ward<\/title>\n<meta name=\"robots\" content=\"index, follow, max-snippet:-1, max-image-preview:large, max-video-preview:-1\" \/>\n<link rel=\"canonical\" href=\"https:\/\/25thward.org\/es\/residentes\/aplicaciones\/nuevo-permiso-de-estacionamiento-residencial\/\" \/>\n<meta property=\"og:locale\" content=\"es_ES\" \/>\n<meta property=\"og:type\" content=\"article\" \/>\n<meta property=\"og:title\" content=\"Permiso de estacionamiento residencial\" \/>\n<meta property=\"og:description\" content=\"PERMISO DE ESTACIONAMIENTO RESIDENCIAL Para establecer una zona de estacionamiento con permiso residencial en su bloque, los residentes deben obtener al menos el 65% de las firmas de los que residen en el bloque y la designaci\u00f3n de la calle debe tener la zonificaci\u00f3n adecuada para su consideraci\u00f3n. La aplicaci\u00f3n se puede encontrar aqu\u00ed. Ver [&hellip;]\" \/>\n<meta property=\"og:url\" content=\"https:\/\/25thward.org\/es\/residentes\/aplicaciones\/nuevo-permiso-de-estacionamiento-residencial\/\" \/>\n<meta property=\"og:site_name\" content=\"25 Th Ward\" \/>\n<meta property=\"article:publisher\" content=\"https:\/\/www.facebook.com\/SigchoFor25\" \/>\n<meta property=\"article:modified_time\" content=\"2026-01-29T15:08:12+00:00\" \/>\n<meta property=\"og:image\" content=\"https:\/\/25thward.org\/wp-content\/uploads\/2023\/08\/Byron-Sigcho-Lopez-Logo-2023-Black.png\" \/>\n\t<meta property=\"og:image:width\" content=\"940\" \/>\n\t<meta property=\"og:image:height\" content=\"788\" \/>\n\t<meta property=\"og:image:type\" content=\"image\/png\" \/>\n<meta name=\"twitter:card\" content=\"summary_large_image\" \/>\n<meta name=\"twitter:site\" content=\"@byronsigcho\" \/>\n<meta name=\"twitter:label1\" content=\"Tiempo de lectura\" \/>\n\t<meta name=\"twitter:data1\" content=\"1 minuto\" \/>\n<script type=\"application\/ld+json\" class=\"yoast-schema-graph\">{\"@context\":\"https:\\\/\\\/schema.org\",\"@graph\":[{\"@type\":\"WebPage\",\"@id\":\"https:\\\/\\\/25thward.org\\\/es\\\/residentes\\\/aplicaciones\\\/nuevo-permiso-de-estacionamiento-residencial\\\/\",\"url\":\"https:\\\/\\\/25thward.org\\\/es\\\/residentes\\\/aplicaciones\\\/nuevo-permiso-de-estacionamiento-residencial\\\/\",\"name\":\"Permiso de estacionamiento residencial - 25 Th Ward\",\"isPartOf\":{\"@id\":\"https:\\\/\\\/25thward.org\\\/#website\"},\"datePublished\":\"2023-08-25T00:37:53+00:00\",\"dateModified\":\"2026-01-29T15:08:12+00:00\",\"breadcrumb\":{\"@id\":\"https:\\\/\\\/25thward.org\\\/es\\\/residentes\\\/aplicaciones\\\/nuevo-permiso-de-estacionamiento-residencial\\\/#breadcrumb\"},\"inLanguage\":\"es\",\"potentialAction\":[{\"@type\":\"ReadAction\",\"target\":[\"https:\\\/\\\/25thward.org\\\/es\\\/residentes\\\/aplicaciones\\\/nuevo-permiso-de-estacionamiento-residencial\\\/\"]}]},{\"@type\":\"BreadcrumbList\",\"@id\":\"https:\\\/\\\/25thward.org\\\/es\\\/residentes\\\/aplicaciones\\\/nuevo-permiso-de-estacionamiento-residencial\\\/#breadcrumb\",\"itemListElement\":[{\"@type\":\"ListItem\",\"position\":1,\"name\":\"Home\",\"item\":\"https:\\\/\\\/25thward.org\\\/es\\\/\"},{\"@type\":\"ListItem\",\"position\":2,\"name\":\"Residentes\",\"item\":\"https:\\\/\\\/25thward.org\\\/es\\\/residentes\\\/\"},{\"@type\":\"ListItem\",\"position\":3,\"name\":\"Aplicaciones\",\"item\":\"https:\\\/\\\/25thward.org\\\/es\\\/residentes\\\/aplicaciones\\\/\"},{\"@type\":\"ListItem\",\"position\":4,\"name\":\"Permiso de estacionamiento residencial\"}]},{\"@type\":\"WebSite\",\"@id\":\"https:\\\/\\\/25thward.org\\\/#website\",\"url\":\"https:\\\/\\\/25thward.org\\\/\",\"name\":\"25 Th Ward\",\"description\":\"\",\"publisher\":{\"@id\":\"https:\\\/\\\/25thward.org\\\/#organization\"},\"potentialAction\":[{\"@type\":\"SearchAction\",\"target\":{\"@type\":\"EntryPoint\",\"urlTemplate\":\"https:\\\/\\\/25thward.org\\\/?s={search_term_string}\"},\"query-input\":{\"@type\":\"PropertyValueSpecification\",\"valueRequired\":true,\"valueName\":\"search_term_string\"}}],\"inLanguage\":\"es\"},{\"@type\":\"Organization\",\"@id\":\"https:\\\/\\\/25thward.org\\\/#organization\",\"name\":\"Byron Sigcho Lopez\",\"url\":\"https:\\\/\\\/25thward.org\\\/\",\"logo\":{\"@type\":\"ImageObject\",\"inLanguage\":\"es\",\"@id\":\"https:\\\/\\\/25thward.org\\\/#\\\/schema\\\/logo\\\/image\\\/\",\"url\":\"https:\\\/\\\/25thward.org\\\/wp-content\\\/uploads\\\/2023\\\/08\\\/Untitled-design-5.png\",\"contentUrl\":\"https:\\\/\\\/25thward.org\\\/wp-content\\\/uploads\\\/2023\\\/08\\\/Untitled-design-5.png\",\"width\":6912,\"height\":3456,\"caption\":\"Byron Sigcho Lopez\"},\"image\":{\"@id\":\"https:\\\/\\\/25thward.org\\\/#\\\/schema\\\/logo\\\/image\\\/\"},\"sameAs\":[\"https:\\\/\\\/www.facebook.com\\\/SigchoFor25\",\"https:\\\/\\\/x.com\\\/byronsigcho\",\"https:\\\/\\\/www.instagram.com\\\/sigchofor25\\\/\"]}]}<\/script>\n<!-- \/ Yoast SEO Premium plugin. -->","yoast_head_json":{"title":"Permiso de estacionamiento residencial - 25 Th Ward","robots":{"index":"index","follow":"follow","max-snippet":"max-snippet:-1","max-image-preview":"max-image-preview:large","max-video-preview":"max-video-preview:-1"},"canonical":"https:\/\/25thward.org\/es\/residentes\/aplicaciones\/nuevo-permiso-de-estacionamiento-residencial\/","og_locale":"es_ES","og_type":"article","og_title":"Permiso de estacionamiento residencial","og_description":"PERMISO DE ESTACIONAMIENTO RESIDENCIAL Para establecer una zona de estacionamiento con permiso residencial en su bloque, los residentes deben obtener al menos el 65% de las firmas de los que residen en el bloque y la designaci\u00f3n de la calle debe tener la zonificaci\u00f3n adecuada para su consideraci\u00f3n. La aplicaci\u00f3n se puede encontrar aqu\u00ed. Ver [&hellip;]","og_url":"https:\/\/25thward.org\/es\/residentes\/aplicaciones\/nuevo-permiso-de-estacionamiento-residencial\/","og_site_name":"25 Th Ward","article_publisher":"https:\/\/www.facebook.com\/SigchoFor25","article_modified_time":"2026-01-29T15:08:12+00:00","og_image":[{"width":940,"height":788,"url":"https:\/\/25thward.org\/wp-content\/uploads\/2023\/08\/Byron-Sigcho-Lopez-Logo-2023-Black.png","type":"image\/png"}],"twitter_card":"summary_large_image","twitter_site":"@byronsigcho","twitter_misc":{"Tiempo de lectura":"1 minuto"},"schema":{"@context":"https:\/\/schema.org","@graph":[{"@type":"WebPage","@id":"https:\/\/25thward.org\/es\/residentes\/aplicaciones\/nuevo-permiso-de-estacionamiento-residencial\/","url":"https:\/\/25thward.org\/es\/residentes\/aplicaciones\/nuevo-permiso-de-estacionamiento-residencial\/","name":"Permiso de estacionamiento residencial - 25 Th Ward","isPartOf":{"@id":"https:\/\/25thward.org\/#website"},"datePublished":"2023-08-25T00:37:53+00:00","dateModified":"2026-01-29T15:08:12+00:00","breadcrumb":{"@id":"https:\/\/25thward.org\/es\/residentes\/aplicaciones\/nuevo-permiso-de-estacionamiento-residencial\/#breadcrumb"},"inLanguage":"es","potentialAction":[{"@type":"ReadAction","target":["https:\/\/25thward.org\/es\/residentes\/aplicaciones\/nuevo-permiso-de-estacionamiento-residencial\/"]}]},{"@type":"BreadcrumbList","@id":"https:\/\/25thward.org\/es\/residentes\/aplicaciones\/nuevo-permiso-de-estacionamiento-residencial\/#breadcrumb","itemListElement":[{"@type":"ListItem","position":1,"name":"Home","item":"https:\/\/25thward.org\/es\/"},{"@type":"ListItem","position":2,"name":"Residentes","item":"https:\/\/25thward.org\/es\/residentes\/"},{"@type":"ListItem","position":3,"name":"Aplicaciones","item":"https:\/\/25thward.org\/es\/residentes\/aplicaciones\/"},{"@type":"ListItem","position":4,"name":"Permiso de estacionamiento residencial"}]},{"@type":"WebSite","@id":"https:\/\/25thward.org\/#website","url":"https:\/\/25thward.org\/","name":"25 Th Ward","description":"","publisher":{"@id":"https:\/\/25thward.org\/#organization"},"potentialAction":[{"@type":"SearchAction","target":{"@type":"EntryPoint","urlTemplate":"https:\/\/25thward.org\/?s={search_term_string}"},"query-input":{"@type":"PropertyValueSpecification","valueRequired":true,"valueName":"search_term_string"}}],"inLanguage":"es"},{"@type":"Organization","@id":"https:\/\/25thward.org\/#organization","name":"Byron Sigcho Lopez","url":"https:\/\/25thward.org\/","logo":{"@type":"ImageObject","inLanguage":"es","@id":"https:\/\/25thward.org\/#\/schema\/logo\/image\/","url":"https:\/\/25thward.org\/wp-content\/uploads\/2023\/08\/Untitled-design-5.png","contentUrl":"https:\/\/25thward.org\/wp-content\/uploads\/2023\/08\/Untitled-design-5.png","width":6912,"height":3456,"caption":"Byron Sigcho Lopez"},"image":{"@id":"https:\/\/25thward.org\/#\/schema\/logo\/image\/"},"sameAs":["https:\/\/www.facebook.com\/SigchoFor25","https:\/\/x.com\/byronsigcho","https:\/\/www.instagram.com\/sigchofor25\/"]}]}},"_links":{"self":[{"href":"https:\/\/25thward.org\/es\/wp-json\/wp\/v2\/pages\/3992","targetHints":{"allow":["GET"]}}],"collection":[{"href":"https:\/\/25thward.org\/es\/wp-json\/wp\/v2\/pages"}],"about":[{"href":"https:\/\/25thward.org\/es\/wp-json\/wp\/v2\/types\/page"}],"author":[{"embeddable":true,"href":"https:\/\/25thward.org\/es\/wp-json\/wp\/v2\/users\/1"}],"replies":[{"embeddable":true,"href":"https:\/\/25thward.org\/es\/wp-json\/wp\/v2\/comments?post=3992"}],"version-history":[{"count":13,"href":"https:\/\/25thward.org\/es\/wp-json\/wp\/v2\/pages\/3992\/revisions"}],"predecessor-version":[{"id":15320,"href":"https:\/\/25thward.org\/es\/wp-json\/wp\/v2\/pages\/3992\/revisions\/15320"}],"up":[{"embeddable":true,"href":"https:\/\/25thward.org\/es\/wp-json\/wp\/v2\/pages\/3968"}],"wp:attachment":[{"href":"https:\/\/25thward.org\/es\/wp-json\/wp\/v2\/media?parent=3992"}],"wp:term":[{"taxonomy":"wf_page_folders","embeddable":true,"href":"https:\/\/25thward.org\/es\/wp-json\/wp\/v2\/wf_page_folders?post=3992"}],"curies":[{"name":"wp","href":"https:\/\/api.w.org\/{rel}","templated":true}]}}