{"id":3983,"date":"2023-08-30T22:45:22","date_gmt":"2023-08-31T03:45:22","guid":{"rendered":"https:\/\/25thward.org\/carta-de-excepciones\/"},"modified":"2026-01-29T10:23:28","modified_gmt":"2026-01-29T16:23:28","slug":"carta-de-excepciones","status":"publish","type":"page","link":"https:\/\/25thward.org\/es\/residentes\/estacionamiento\/carta-de-excepciones\/","title":{"rendered":"Carta de Excepci\u00f3n"},"content":{"rendered":"\t\t<div data-elementor-type=\"wp-page\" data-elementor-id=\"3983\" class=\"elementor elementor-3983 elementor-1856\" data-elementor-post-type=\"page\">\n\t\t\t\t\t\t<section data-particle_enable=\"false\" data-particle-mobile-disabled=\"false\" class=\"elementor-section elementor-top-section elementor-element elementor-element-4e064e4 elementor-section-full_width animated-slow elementor-section-height-default elementor-section-height-default elementor-invisible\" data-id=\"4e064e4\" data-element_type=\"section\" data-e-type=\"section\" data-settings=\"{&quot;background_background&quot;:&quot;classic&quot;,&quot;animation&quot;:&quot;fadeInRight&quot;}\">\n\t\t\t\t\t\t<div class=\"elementor-container elementor-column-gap-default\">\n\t\t\t\t\t<div class=\"elementor-column elementor-col-66 elementor-top-column elementor-element elementor-element-81bbaec\" data-id=\"81bbaec\" data-element_type=\"column\" data-e-type=\"column\">\n\t\t\t<div class=\"elementor-widget-wrap elementor-element-populated\">\n\t\t\t\t\t\t<div class=\"elementor-element elementor-element-c703aa1 elementor-widget elementor-widget-breadcrumbs\" data-id=\"c703aa1\" data-element_type=\"widget\" data-e-type=\"widget\" data-widget_type=\"breadcrumbs.default\">\n\t\t\t\t<div class=\"elementor-widget-container\">\n\t\t\t\t\t<div id=\"breadcrumbs\"><span><span><a href=\"https:\/\/25thward.org\/es\/\">Home<\/a><\/span><\/span><\/div>\t\t\t\t<\/div>\n\t\t\t\t<\/div>\n\t\t\t\t\t<\/div>\n\t\t<\/div>\n\t\t\t\t<div class=\"elementor-column elementor-col-33 elementor-top-column elementor-element elementor-element-e088814 elementor-hidden-mobile\" data-id=\"e088814\" data-element_type=\"column\" data-e-type=\"column\">\n\t\t\t<div class=\"elementor-widget-wrap\">\n\t\t\t\t\t\t\t<\/div>\n\t\t<\/div>\n\t\t\t\t\t<\/div>\n\t\t<\/section>\n\t\t\t\t<section data-particle_enable=\"false\" data-particle-mobile-disabled=\"false\" class=\"elementor-section elementor-top-section elementor-element elementor-element-707286a elementor-section-full_width animated-slow elementor-section-height-default elementor-section-height-default elementor-invisible\" data-id=\"707286a\" data-element_type=\"section\" data-e-type=\"section\" data-settings=\"{&quot;background_background&quot;:&quot;classic&quot;,&quot;animation&quot;:&quot;fadeInRight&quot;}\">\n\t\t\t\t\t\t<div class=\"elementor-container elementor-column-gap-default\">\n\t\t\t\t\t<div class=\"elementor-column elementor-col-66 elementor-top-column elementor-element elementor-element-1c7ea77\" data-id=\"1c7ea77\" data-element_type=\"column\" data-e-type=\"column\">\n\t\t\t<div class=\"elementor-widget-wrap elementor-element-populated\">\n\t\t\t\t\t\t<div class=\"elementor-element elementor-element-fcc0d67 elementor-widget elementor-widget-heading\" data-id=\"fcc0d67\" data-element_type=\"widget\" data-e-type=\"widget\" data-widget_type=\"heading.default\">\n\t\t\t\t<div class=\"elementor-widget-container\">\n\t\t\t\t\t<h2 class=\"elementor-heading-title elementor-size-default\">CARTA DE EXCEPCI\u00d3N<\/h2>\t\t\t\t<\/div>\n\t\t\t\t<\/div>\n\t\t\t\t<div class=\"elementor-element elementor-element-92ab596 elementor-widget elementor-widget-text-editor\" data-id=\"92ab596\" data-element_type=\"widget\" data-e-type=\"widget\" data-widget_type=\"text-editor.default\">\n\t\t\t\t<div class=\"elementor-widget-container\">\n\t\t\t\t\t\t\t\t\t<p><span style=\"font-weight: 400;\">Los continuos problemas de aparcamiento que los residentes han experimentado a lo largo de los a\u00f1os en todo<\/span> <span style=\"font-weight: 400;\">el distrito 25<\/span><span style=\"font-weight: 400;\"> ha llevado a nuestra oficina a actualizar los requisitos previos para las Cartas de Excepci\u00f3n, especialmente para nuestros residentes de Pilsen. Queremos asegurarnos de que seguimos siendo lo m\u00e1s complaciente posible para los electores de este distrito. Por lo tanto, nuestra oficina ha actualizado las directrices para aquellos que ser\u00e1n elegibles para renovar su carta de excepci\u00f3n o solicitar una LOE. A continuaci\u00f3n encontrar\u00e1 los nuevos requisitos de elegibilidad para la obtenci\u00f3n de una LOE de nuestra oficina.<\/span><\/p>\n<ul>\n<li style=\"font-weight: 400;\" aria-level=\"1\"><span style=\"font-weight: 400;\">La direcci\u00f3n proporcionada debe ser un edificio de esquina con no m\u00e1s de 4 unidades dentro del edificio.<\/span><\/li>\n<li style=\"font-weight: 400;\" aria-level=\"1\"><span style=\"font-weight: 400;\">La zona residencial solicitada<\/span> <b>debe estar ubicada en la calle adyacente<\/b> <span style=\"font-weight: 400;\">a la direcci\u00f3n proporcionada.<\/span><\/li>\n<li style=\"font-weight: 400;\" aria-level=\"1\"><span style=\"font-weight: 400;\">Para edificios con m\u00e1s de 5 unidades, llame a nuestra oficina.<\/span><\/li>\n<\/ul>\n<p><span style=\"font-weight: 400;\">Ciertos casos seguir\u00e1n siendo considerados y revisados por el Jefe de Gabinete, especialmente en el caso de residentes mayores y discapacitados. Si tiene alguna pregunta, no dude en ponerse en contacto con nosotros <\/span><span style=\"font-weight: 400;\">llamando a nuestra oficina al <strong>773-523-4100<\/strong> o p\u00f3ngase en contacto con nosotros por correo electr\u00f3nico<\/span> <a href=\"mailto:Ward25@cityofchicago.org\"><strong>Ward25@cityofchicago.org<\/strong><\/a><span style=\"font-weight: 400;\">.<\/span><\/p>\n\t\t\t\t\t\t\t\t<\/div>\n\t\t\t\t<\/div>\n\t\t\t\t\t<\/div>\n\t\t<\/div>\n\t\t\t\t<div class=\"elementor-column elementor-col-33 elementor-top-column elementor-element elementor-element-1d2efd6 elementor-hidden-tablet elementor-hidden-mobile\" data-id=\"1d2efd6\" data-element_type=\"column\" data-e-type=\"column\">\n\t\t\t<div class=\"elementor-widget-wrap\">\n\t\t\t\t\t\t\t<\/div>\n\t\t<\/div>\n\t\t\t\t\t<\/div>\n\t\t<\/section>\n\t\t\t\t<section data-particle_enable=\"false\" data-particle-mobile-disabled=\"false\" class=\"elementor-section elementor-top-section elementor-element elementor-element-c9190a7 elementor-section-boxed elementor-section-height-default elementor-section-height-default elementor-invisible\" data-id=\"c9190a7\" data-element_type=\"section\" data-e-type=\"section\" data-settings=\"{&quot;animation&quot;:&quot;fadeInLeft&quot;}\">\n\t\t\t\t\t\t<div class=\"elementor-container elementor-column-gap-default\">\n\t\t\t\t\t<div class=\"elementor-column elementor-col-100 elementor-top-column elementor-element elementor-element-681dc7a\" data-id=\"681dc7a\" data-element_type=\"column\" data-e-type=\"column\">\n\t\t\t<div class=\"elementor-widget-wrap elementor-element-populated\">\n\t\t\t\t\t\t<div class=\"elementor-element elementor-element-ec9726e elementor-widget elementor-widget-image\" data-id=\"ec9726e\" data-element_type=\"widget\" data-e-type=\"widget\" data-widget_type=\"image.default\">\n\t\t\t\t<div class=\"elementor-widget-container\">\n\t\t\t\t\t\t\t\t\t\t\t\t\t\t\t\t<a href=\"http:\/\/Ward25@cityofchicago.org\">\n\t\t\t\t\t\t\t<img fetchpriority=\"high\" decoding=\"async\" width=\"808\" height=\"536\" src=\"https:\/\/25thward.org\/wp-content\/uploads\/2026\/01\/LOE-website.jpg\" class=\"elementor-animation-grow attachment-large size-large wp-image-15193\" alt=\"\" srcset=\"https:\/\/25thward.org\/wp-content\/uploads\/2026\/01\/LOE-website.jpg 808w, https:\/\/25thward.org\/wp-content\/uploads\/2026\/01\/LOE-website-300x199.jpg 300w, https:\/\/25thward.org\/wp-content\/uploads\/2026\/01\/LOE-website-768x509.jpg 768w\" sizes=\"(max-width: 808px) 100vw, 808px\" \/>\t\t\t\t\t\t\t\t<\/a>\n\t\t\t\t\t\t\t\t\t\t\t\t\t\t\t<\/div>\n\t\t\t\t<\/div>\n\t\t\t\t\t<\/div>\n\t\t<\/div>\n\t\t\t\t\t<\/div>\n\t\t<\/section>\n\t\t\t\t<\/div>\n\t\t","protected":false},"excerpt":{"rendered":"<p>CARTA DE EXCEPCI\u00d3N Los continuos problemas de aparcamiento que los residentes han experimentado a lo largo de los a\u00f1os en todo el distrito 25 ha llevado a nuestra oficina a actualizar los requisitos previos para las Cartas de Excepci\u00f3n, especialmente para nuestros residentes de Pilsen. Queremos asegurarnos de que seguimos siendo lo m\u00e1s complaciente posible [&hellip;]<\/p>\n","protected":false},"author":1,"featured_media":0,"parent":3989,"menu_order":0,"comment_status":"closed","ping_status":"closed","template":"","meta":{"site-sidebar-layout":"no-sidebar","site-content-layout":"page-builder","ast-site-content-layout":"full-width-container","site-content-style":"unboxed","site-sidebar-style":"unboxed","ast-global-header-display":"","ast-banner-title-visibility":"","ast-main-header-display":"","ast-hfb-above-header-display":"","ast-hfb-below-header-display":"","ast-hfb-mobile-header-display":"","site-post-title":"disabled","ast-breadcrumbs-content":"","ast-featured-img":"disabled","footer-sml-layout":"","theme-transparent-header-meta":"","adv-header-id-meta":"","stick-header-meta":"","header-above-stick-meta":"","header-main-stick-meta":"","header-below-stick-meta":"","astra-migrate-meta-layouts":"default","ast-page-background-enabled":"default","ast-page-background-meta":{"desktop":{"background-color":"var(--ast-global-color-4)","background-image":"","background-repeat":"repeat","background-position":"center center","background-size":"auto","background-attachment":"scroll","background-type":"","background-media":"","overlay-type":"","overlay-color":"","overlay-opacity":"","overlay-gradient":""},"tablet":{"background-color":"","background-image":"","background-repeat":"repeat","background-position":"center center","background-size":"auto","background-attachment":"scroll","background-type":"","background-media":"","overlay-type":"","overlay-color":"","overlay-opacity":"","overlay-gradient":""},"mobile":{"background-color":"","background-image":"","background-repeat":"repeat","background-position":"center center","background-size":"auto","background-attachment":"scroll","background-type":"","background-media":"","overlay-type":"","overlay-color":"","overlay-opacity":"","overlay-gradient":""}},"ast-content-background-meta":{"desktop":{"background-color":"var(--ast-global-color-5)","background-image":"","background-repeat":"repeat","background-position":"center center","background-size":"auto","background-attachment":"scroll","background-type":"","background-media":"","overlay-type":"","overlay-color":"","overlay-opacity":"","overlay-gradient":""},"tablet":{"background-color":"var(--ast-global-color-5)","background-image":"","background-repeat":"repeat","background-position":"center center","background-size":"auto","background-attachment":"scroll","background-type":"","background-media":"","overlay-type":"","overlay-color":"","overlay-opacity":"","overlay-gradient":""},"mobile":{"background-color":"var(--ast-global-color-5)","background-image":"","background-repeat":"repeat","background-position":"center center","background-size":"auto","background-attachment":"scroll","background-type":"","background-media":"","overlay-type":"","overlay-color":"","overlay-opacity":"","overlay-gradient":""}},"footnotes":""},"wf_page_folders":[19],"class_list":["post-3983","page","type-page","status-publish","hentry"],"yoast_head":"<!-- This site is optimized with the Yoast SEO Premium plugin v24.5 (Yoast SEO v27.4) - https:\/\/yoast.com\/product\/yoast-seo-premium-wordpress\/ -->\n<title>Carta de Excepci\u00f3n - 25 Th Ward<\/title>\n<meta name=\"robots\" content=\"index, follow, max-snippet:-1, max-image-preview:large, max-video-preview:-1\" \/>\n<link rel=\"canonical\" href=\"https:\/\/25thward.org\/es\/residentes\/estacionamiento\/carta-de-excepciones\/\" \/>\n<meta property=\"og:locale\" content=\"es_ES\" \/>\n<meta property=\"og:type\" content=\"article\" \/>\n<meta property=\"og:title\" content=\"Carta de Excepci\u00f3n\" \/>\n<meta property=\"og:description\" content=\"CARTA DE EXCEPCI\u00d3N Los continuos problemas de aparcamiento que los residentes han experimentado a lo largo de los a\u00f1os en todo el distrito 25 ha llevado a nuestra oficina a actualizar los requisitos previos para las Cartas de Excepci\u00f3n, especialmente para nuestros residentes de Pilsen. Queremos asegurarnos de que seguimos siendo lo m\u00e1s complaciente posible [&hellip;]\" \/>\n<meta property=\"og:url\" content=\"https:\/\/25thward.org\/es\/residentes\/estacionamiento\/carta-de-excepciones\/\" \/>\n<meta property=\"og:site_name\" content=\"25 Th Ward\" \/>\n<meta property=\"article:publisher\" content=\"https:\/\/www.facebook.com\/SigchoFor25\" \/>\n<meta property=\"article:modified_time\" content=\"2026-01-29T16:23:28+00:00\" \/>\n<meta property=\"og:image\" content=\"https:\/\/25thward.org\/wp-content\/uploads\/2026\/01\/LOE-website.jpg\" \/>\n\t<meta property=\"og:image:width\" content=\"808\" \/>\n\t<meta property=\"og:image:height\" content=\"536\" \/>\n\t<meta property=\"og:image:type\" content=\"image\/jpeg\" \/>\n<meta name=\"twitter:card\" content=\"summary_large_image\" \/>\n<meta name=\"twitter:site\" content=\"@byronsigcho\" \/>\n<meta name=\"twitter:label1\" content=\"Tiempo de lectura\" \/>\n\t<meta name=\"twitter:data1\" content=\"2 minutos\" \/>\n<script type=\"application\/ld+json\" class=\"yoast-schema-graph\">{\"@context\":\"https:\\\/\\\/schema.org\",\"@graph\":[{\"@type\":\"WebPage\",\"@id\":\"https:\\\/\\\/25thward.org\\\/es\\\/residentes\\\/estacionamiento\\\/carta-de-excepciones\\\/\",\"url\":\"https:\\\/\\\/25thward.org\\\/es\\\/residentes\\\/estacionamiento\\\/carta-de-excepciones\\\/\",\"name\":\"Carta de Excepci\u00f3n - 25 Th Ward\",\"isPartOf\":{\"@id\":\"https:\\\/\\\/25thward.org\\\/#website\"},\"primaryImageOfPage\":{\"@id\":\"https:\\\/\\\/25thward.org\\\/es\\\/residentes\\\/estacionamiento\\\/carta-de-excepciones\\\/#primaryimage\"},\"image\":{\"@id\":\"https:\\\/\\\/25thward.org\\\/es\\\/residentes\\\/estacionamiento\\\/carta-de-excepciones\\\/#primaryimage\"},\"thumbnailUrl\":\"https:\\\/\\\/25thward.org\\\/wp-content\\\/uploads\\\/2026\\\/01\\\/LOE-website.jpg\",\"datePublished\":\"2023-08-31T03:45:22+00:00\",\"dateModified\":\"2026-01-29T16:23:28+00:00\",\"breadcrumb\":{\"@id\":\"https:\\\/\\\/25thward.org\\\/es\\\/residentes\\\/estacionamiento\\\/carta-de-excepciones\\\/#breadcrumb\"},\"inLanguage\":\"es\",\"potentialAction\":[{\"@type\":\"ReadAction\",\"target\":[\"https:\\\/\\\/25thward.org\\\/es\\\/residentes\\\/estacionamiento\\\/carta-de-excepciones\\\/\"]}]},{\"@type\":\"ImageObject\",\"inLanguage\":\"es\",\"@id\":\"https:\\\/\\\/25thward.org\\\/es\\\/residentes\\\/estacionamiento\\\/carta-de-excepciones\\\/#primaryimage\",\"url\":\"https:\\\/\\\/25thward.org\\\/wp-content\\\/uploads\\\/2026\\\/01\\\/LOE-website.jpg\",\"contentUrl\":\"https:\\\/\\\/25thward.org\\\/wp-content\\\/uploads\\\/2026\\\/01\\\/LOE-website.jpg\"},{\"@type\":\"BreadcrumbList\",\"@id\":\"https:\\\/\\\/25thward.org\\\/es\\\/residentes\\\/estacionamiento\\\/carta-de-excepciones\\\/#breadcrumb\",\"itemListElement\":[{\"@type\":\"ListItem\",\"position\":1,\"name\":\"Home\",\"item\":\"https:\\\/\\\/25thward.org\\\/es\\\/\"},{\"@type\":\"ListItem\",\"position\":2,\"name\":\"Residentes\",\"item\":\"https:\\\/\\\/25thward.org\\\/es\\\/residentes\\\/\"},{\"@type\":\"ListItem\",\"position\":3,\"name\":\"Estacionamiento\",\"item\":\"https:\\\/\\\/25thward.org\\\/es\\\/residentes\\\/estacionamiento\\\/\"},{\"@type\":\"ListItem\",\"position\":4,\"name\":\"Carta de Excepci\u00f3n\"}]},{\"@type\":\"WebSite\",\"@id\":\"https:\\\/\\\/25thward.org\\\/#website\",\"url\":\"https:\\\/\\\/25thward.org\\\/\",\"name\":\"25 Th Ward\",\"description\":\"\",\"publisher\":{\"@id\":\"https:\\\/\\\/25thward.org\\\/#organization\"},\"potentialAction\":[{\"@type\":\"SearchAction\",\"target\":{\"@type\":\"EntryPoint\",\"urlTemplate\":\"https:\\\/\\\/25thward.org\\\/?s={search_term_string}\"},\"query-input\":{\"@type\":\"PropertyValueSpecification\",\"valueRequired\":true,\"valueName\":\"search_term_string\"}}],\"inLanguage\":\"es\"},{\"@type\":\"Organization\",\"@id\":\"https:\\\/\\\/25thward.org\\\/#organization\",\"name\":\"Byron Sigcho Lopez\",\"url\":\"https:\\\/\\\/25thward.org\\\/\",\"logo\":{\"@type\":\"ImageObject\",\"inLanguage\":\"es\",\"@id\":\"https:\\\/\\\/25thward.org\\\/#\\\/schema\\\/logo\\\/image\\\/\",\"url\":\"https:\\\/\\\/25thward.org\\\/wp-content\\\/uploads\\\/2023\\\/08\\\/Untitled-design-5.png\",\"contentUrl\":\"https:\\\/\\\/25thward.org\\\/wp-content\\\/uploads\\\/2023\\\/08\\\/Untitled-design-5.png\",\"width\":6912,\"height\":3456,\"caption\":\"Byron Sigcho Lopez\"},\"image\":{\"@id\":\"https:\\\/\\\/25thward.org\\\/#\\\/schema\\\/logo\\\/image\\\/\"},\"sameAs\":[\"https:\\\/\\\/www.facebook.com\\\/SigchoFor25\",\"https:\\\/\\\/x.com\\\/byronsigcho\",\"https:\\\/\\\/www.instagram.com\\\/sigchofor25\\\/\"]}]}<\/script>\n<!-- \/ Yoast SEO Premium plugin. -->","yoast_head_json":{"title":"Carta de Excepci\u00f3n - 25 Th Ward","robots":{"index":"index","follow":"follow","max-snippet":"max-snippet:-1","max-image-preview":"max-image-preview:large","max-video-preview":"max-video-preview:-1"},"canonical":"https:\/\/25thward.org\/es\/residentes\/estacionamiento\/carta-de-excepciones\/","og_locale":"es_ES","og_type":"article","og_title":"Carta de Excepci\u00f3n","og_description":"CARTA DE EXCEPCI\u00d3N Los continuos problemas de aparcamiento que los residentes han experimentado a lo largo de los a\u00f1os en todo el distrito 25 ha llevado a nuestra oficina a actualizar los requisitos previos para las Cartas de Excepci\u00f3n, especialmente para nuestros residentes de Pilsen. Queremos asegurarnos de que seguimos siendo lo m\u00e1s complaciente posible [&hellip;]","og_url":"https:\/\/25thward.org\/es\/residentes\/estacionamiento\/carta-de-excepciones\/","og_site_name":"25 Th Ward","article_publisher":"https:\/\/www.facebook.com\/SigchoFor25","article_modified_time":"2026-01-29T16:23:28+00:00","og_image":[{"width":808,"height":536,"url":"https:\/\/25thward.org\/wp-content\/uploads\/2026\/01\/LOE-website.jpg","type":"image\/jpeg"}],"twitter_card":"summary_large_image","twitter_site":"@byronsigcho","twitter_misc":{"Tiempo de lectura":"2 minutos"},"schema":{"@context":"https:\/\/schema.org","@graph":[{"@type":"WebPage","@id":"https:\/\/25thward.org\/es\/residentes\/estacionamiento\/carta-de-excepciones\/","url":"https:\/\/25thward.org\/es\/residentes\/estacionamiento\/carta-de-excepciones\/","name":"Carta de Excepci\u00f3n - 25 Th Ward","isPartOf":{"@id":"https:\/\/25thward.org\/#website"},"primaryImageOfPage":{"@id":"https:\/\/25thward.org\/es\/residentes\/estacionamiento\/carta-de-excepciones\/#primaryimage"},"image":{"@id":"https:\/\/25thward.org\/es\/residentes\/estacionamiento\/carta-de-excepciones\/#primaryimage"},"thumbnailUrl":"https:\/\/25thward.org\/wp-content\/uploads\/2026\/01\/LOE-website.jpg","datePublished":"2023-08-31T03:45:22+00:00","dateModified":"2026-01-29T16:23:28+00:00","breadcrumb":{"@id":"https:\/\/25thward.org\/es\/residentes\/estacionamiento\/carta-de-excepciones\/#breadcrumb"},"inLanguage":"es","potentialAction":[{"@type":"ReadAction","target":["https:\/\/25thward.org\/es\/residentes\/estacionamiento\/carta-de-excepciones\/"]}]},{"@type":"ImageObject","inLanguage":"es","@id":"https:\/\/25thward.org\/es\/residentes\/estacionamiento\/carta-de-excepciones\/#primaryimage","url":"https:\/\/25thward.org\/wp-content\/uploads\/2026\/01\/LOE-website.jpg","contentUrl":"https:\/\/25thward.org\/wp-content\/uploads\/2026\/01\/LOE-website.jpg"},{"@type":"BreadcrumbList","@id":"https:\/\/25thward.org\/es\/residentes\/estacionamiento\/carta-de-excepciones\/#breadcrumb","itemListElement":[{"@type":"ListItem","position":1,"name":"Home","item":"https:\/\/25thward.org\/es\/"},{"@type":"ListItem","position":2,"name":"Residentes","item":"https:\/\/25thward.org\/es\/residentes\/"},{"@type":"ListItem","position":3,"name":"Estacionamiento","item":"https:\/\/25thward.org\/es\/residentes\/estacionamiento\/"},{"@type":"ListItem","position":4,"name":"Carta de Excepci\u00f3n"}]},{"@type":"WebSite","@id":"https:\/\/25thward.org\/#website","url":"https:\/\/25thward.org\/","name":"25 Th Ward","description":"","publisher":{"@id":"https:\/\/25thward.org\/#organization"},"potentialAction":[{"@type":"SearchAction","target":{"@type":"EntryPoint","urlTemplate":"https:\/\/25thward.org\/?s={search_term_string}"},"query-input":{"@type":"PropertyValueSpecification","valueRequired":true,"valueName":"search_term_string"}}],"inLanguage":"es"},{"@type":"Organization","@id":"https:\/\/25thward.org\/#organization","name":"Byron Sigcho Lopez","url":"https:\/\/25thward.org\/","logo":{"@type":"ImageObject","inLanguage":"es","@id":"https:\/\/25thward.org\/#\/schema\/logo\/image\/","url":"https:\/\/25thward.org\/wp-content\/uploads\/2023\/08\/Untitled-design-5.png","contentUrl":"https:\/\/25thward.org\/wp-content\/uploads\/2023\/08\/Untitled-design-5.png","width":6912,"height":3456,"caption":"Byron Sigcho Lopez"},"image":{"@id":"https:\/\/25thward.org\/#\/schema\/logo\/image\/"},"sameAs":["https:\/\/www.facebook.com\/SigchoFor25","https:\/\/x.com\/byronsigcho","https:\/\/www.instagram.com\/sigchofor25\/"]}]}},"_links":{"self":[{"href":"https:\/\/25thward.org\/es\/wp-json\/wp\/v2\/pages\/3983","targetHints":{"allow":["GET"]}}],"collection":[{"href":"https:\/\/25thward.org\/es\/wp-json\/wp\/v2\/pages"}],"about":[{"href":"https:\/\/25thward.org\/es\/wp-json\/wp\/v2\/types\/page"}],"author":[{"embeddable":true,"href":"https:\/\/25thward.org\/es\/wp-json\/wp\/v2\/users\/1"}],"replies":[{"embeddable":true,"href":"https:\/\/25thward.org\/es\/wp-json\/wp\/v2\/comments?post=3983"}],"version-history":[{"count":23,"href":"https:\/\/25thward.org\/es\/wp-json\/wp\/v2\/pages\/3983\/revisions"}],"predecessor-version":[{"id":15368,"href":"https:\/\/25thward.org\/es\/wp-json\/wp\/v2\/pages\/3983\/revisions\/15368"}],"up":[{"embeddable":true,"href":"https:\/\/25thward.org\/es\/wp-json\/wp\/v2\/pages\/3989"}],"wp:attachment":[{"href":"https:\/\/25thward.org\/es\/wp-json\/wp\/v2\/media?parent=3983"}],"wp:term":[{"taxonomy":"wf_page_folders","embeddable":true,"href":"https:\/\/25thward.org\/es\/wp-json\/wp\/v2\/wf_page_folders?post=3983"}],"curies":[{"name":"wp","href":"https:\/\/api.w.org\/{rel}","templated":true}]}}