{"id":3965,"date":"2023-08-24T19:14:22","date_gmt":"2023-08-25T00:14:22","guid":{"rendered":"https:\/\/25thward.org\/fiesta-en-la-calle\/"},"modified":"2026-01-29T08:41:51","modified_gmt":"2026-01-29T14:41:51","slug":"fiesta-en-la-calle","status":"publish","type":"page","link":"https:\/\/25thward.org\/es\/residentes\/aplicaciones\/fiesta-en-la-calle\/","title":{"rendered":"Fiestas de bloque"},"content":{"rendered":"\t\t<div data-elementor-type=\"wp-page\" data-elementor-id=\"3965\" class=\"elementor elementor-3965 elementor-1470\" data-elementor-post-type=\"page\">\n\t\t\t\t\t\t<section data-particle_enable=\"false\" data-particle-mobile-disabled=\"false\" class=\"elementor-section elementor-top-section elementor-element elementor-element-010db76 elementor-section-full_width animated-slow elementor-section-height-default elementor-section-height-default elementor-invisible\" data-id=\"010db76\" data-element_type=\"section\" data-e-type=\"section\" data-settings=\"{&quot;background_background&quot;:&quot;classic&quot;,&quot;animation&quot;:&quot;fadeInRight&quot;}\">\n\t\t\t\t\t\t<div class=\"elementor-container elementor-column-gap-default\">\n\t\t\t\t\t<div class=\"elementor-column elementor-col-66 elementor-top-column elementor-element elementor-element-7af5321\" data-id=\"7af5321\" data-element_type=\"column\" data-e-type=\"column\">\n\t\t\t<div class=\"elementor-widget-wrap elementor-element-populated\">\n\t\t\t\t\t\t<div class=\"elementor-element elementor-element-102a7ed elementor-widget elementor-widget-breadcrumbs\" data-id=\"102a7ed\" data-element_type=\"widget\" data-e-type=\"widget\" data-widget_type=\"breadcrumbs.default\">\n\t\t\t\t<div class=\"elementor-widget-container\">\n\t\t\t\t\t<div id=\"breadcrumbs\"><span><span><a href=\"https:\/\/25thward.org\/es\/\">Home<\/a><\/span><\/span><\/div>\t\t\t\t<\/div>\n\t\t\t\t<\/div>\n\t\t\t\t\t<\/div>\n\t\t<\/div>\n\t\t\t\t<div class=\"elementor-column elementor-col-33 elementor-top-column elementor-element elementor-element-f21e6d3 elementor-hidden-mobile\" data-id=\"f21e6d3\" data-element_type=\"column\" data-e-type=\"column\">\n\t\t\t<div class=\"elementor-widget-wrap\">\n\t\t\t\t\t\t\t<\/div>\n\t\t<\/div>\n\t\t\t\t\t<\/div>\n\t\t<\/section>\n\t\t\t\t<section data-particle_enable=\"false\" data-particle-mobile-disabled=\"false\" class=\"elementor-section elementor-top-section elementor-element elementor-element-a2cfc2a elementor-section-full_width animated-slow elementor-section-height-default elementor-section-height-default elementor-invisible\" data-id=\"a2cfc2a\" data-element_type=\"section\" data-e-type=\"section\" data-settings=\"{&quot;background_background&quot;:&quot;classic&quot;,&quot;animation&quot;:&quot;fadeInRight&quot;}\">\n\t\t\t\t\t\t<div class=\"elementor-container elementor-column-gap-default\">\n\t\t\t\t\t<div class=\"elementor-column elementor-col-66 elementor-top-column elementor-element elementor-element-59a59de\" data-id=\"59a59de\" data-element_type=\"column\" data-e-type=\"column\">\n\t\t\t<div class=\"elementor-widget-wrap elementor-element-populated\">\n\t\t\t\t\t\t<div class=\"elementor-element elementor-element-cdb477c elementor-widget elementor-widget-heading\" data-id=\"cdb477c\" data-element_type=\"widget\" data-e-type=\"widget\" data-widget_type=\"heading.default\">\n\t\t\t\t<div class=\"elementor-widget-container\">\n\t\t\t\t\t<h2 class=\"elementor-heading-title elementor-size-default\">APLICACIONES PARA FIESTAS DE BLOQUE <\/h2>\t\t\t\t<\/div>\n\t\t\t\t<\/div>\n\t\t\t\t<div class=\"elementor-element elementor-element-c7625ef elementor-widget elementor-widget-text-editor\" data-id=\"c7625ef\" data-element_type=\"widget\" data-e-type=\"widget\" data-widget_type=\"text-editor.default\">\n\t\t\t\t<div class=\"elementor-widget-container\">\n\t\t\t\t\t\t\t\t\t<p><span style=\"font-weight: 400;\">Los residentes que deseen organizar una fiesta de barrio este a\u00f1o pueden encontrar aqu\u00ed el formulario de solicitud.<\/span><br \/><strong><a class=\"views-documents\" href=\"https:\/\/25thward.org\/wp-content\/uploads\/2024\/03\/Block-Party-2024.pdf\" target=\"_blank\" rel=\"noopener\"><br \/><span class=\"elementor-button-content-wrapper\"><br \/><span class=\"elementor-button-content-wrapper\"><br \/><span class=\"elementor-button-icon elementor-align-icon-right\"><br \/><\/span><br \/><span class=\"elementor-button-text\">Ver formulario <\/span><br \/><\/span><br \/><\/span><\/a><\/strong><\/p>\t\t\t\t\t\t\t\t<\/div>\n\t\t\t\t<\/div>\n\t\t\t\t<div class=\"elementor-element elementor-element-c92b21c elementor-widget elementor-widget-text-editor\" data-id=\"c92b21c\" data-element_type=\"widget\" data-e-type=\"widget\" data-widget_type=\"text-editor.default\">\n\t\t\t\t<div class=\"elementor-widget-container\">\n\t\t\t\t\t\t\t\t\t<p><span style=\"font-weight: 400;\">Solicitamos que el peticionario devuelva la solicitud completa a nuestra oficina al menos una semana antes de su evento. <\/span><\/p>\n<p><span style=\"font-weight: 400;\">Si est\u00e1s interesado en tener una casa inflable en tu fiesta de barrio, el <a href=\"https:\/\/www.chicago.gov\/city\/en\/depts\/dca\/provdrs\/markets_and_neighborhoodprograms\/svcs\/svc1.html\" target=\"_blank\" rel=\"noopener\"><strong>programa Jumping Jack<\/strong><\/a><\/span><span style=\"font-weight: 400;\"> proporcionar\u00e1 uno sin coste alguno para el solicitante. Las reservaciones se realizan por orden de llegada. <\/span><\/p>\n<p><span style=\"font-weight: 400;\">\u00a1El Departamento de Bomberos de Chicago tambi\u00e9n puede traer un cami\u00f3n de bomberos a su fiesta de barrio para interactuar con los ni\u00f1os y brindarles informaci\u00f3n sobre seguridad contra incendios! Por favor llame a nuestra oficina al <strong>773-523-4100<\/strong> o env\u00edanos un correo electr\u00f3nico a <\/span><strong><a href=\"mailto:Ward25@cityofchicago.org\">Ward25@cityofchicago.org<\/a><\/strong><span style=\"font-weight: 400;\"> para hacer esta solicitud al menos 2 semanas antes de su fiesta de barrio.<\/span><\/p>\n\t\t\t\t\t\t\t\t<\/div>\n\t\t\t\t<\/div>\n\t\t\t\t\t<\/div>\n\t\t<\/div>\n\t\t\t\t<div class=\"elementor-column elementor-col-33 elementor-top-column elementor-element elementor-element-a798775 elementor-hidden-tablet elementor-hidden-mobile\" data-id=\"a798775\" data-element_type=\"column\" data-e-type=\"column\">\n\t\t\t<div class=\"elementor-widget-wrap elementor-element-populated\">\n\t\t\t\t\t\t<div class=\"elementor-element elementor-element-e9bfddb elementor-widget elementor-widget-image\" data-id=\"e9bfddb\" data-element_type=\"widget\" data-e-type=\"widget\" data-widget_type=\"image.default\">\n\t\t\t\t<div class=\"elementor-widget-container\">\n\t\t\t\t\t\t\t\t\t\t\t\t\t\t\t<img fetchpriority=\"high\" decoding=\"async\" width=\"768\" height=\"1024\" src=\"https:\/\/25thward.org\/wp-content\/uploads\/2025\/02\/IMG_7286-768x1024.jpg\" class=\"attachment-large size-large wp-image-13597\" alt=\"\" srcset=\"https:\/\/25thward.org\/wp-content\/uploads\/2025\/02\/IMG_7286-768x1024.jpg 768w, https:\/\/25thward.org\/wp-content\/uploads\/2025\/02\/IMG_7286-225x300.jpg 225w, https:\/\/25thward.org\/wp-content\/uploads\/2025\/02\/IMG_7286-1152x1536.jpg 1152w, https:\/\/25thward.org\/wp-content\/uploads\/2025\/02\/IMG_7286.jpg 1536w\" sizes=\"(max-width: 768px) 100vw, 768px\" \/>\t\t\t\t\t\t\t\t\t\t\t\t\t\t\t<\/div>\n\t\t\t\t<\/div>\n\t\t\t\t\t<\/div>\n\t\t<\/div>\n\t\t\t\t\t<\/div>\n\t\t<\/section>\n\t\t\t\t<\/div>\n\t\t","protected":false},"excerpt":{"rendered":"<p>APLICACIONES PARA FIESTAS DE BLOQUE Los residentes que deseen organizar una fiesta de barrio este a\u00f1o pueden encontrar aqu\u00ed el formulario de solicitud. Ver formulario Solicitamos que el peticionario devuelva la solicitud completa a nuestra oficina al menos una semana antes de su evento. Si est\u00e1s interesado en tener una casa inflable en tu fiesta [&hellip;]<\/p>\n","protected":false},"author":1,"featured_media":0,"parent":3968,"menu_order":0,"comment_status":"closed","ping_status":"closed","template":"","meta":{"site-sidebar-layout":"no-sidebar","site-content-layout":"page-builder","ast-site-content-layout":"full-width-container","site-content-style":"unboxed","site-sidebar-style":"unboxed","ast-global-header-display":"","ast-banner-title-visibility":"","ast-main-header-display":"","ast-hfb-above-header-display":"","ast-hfb-below-header-display":"","ast-hfb-mobile-header-display":"","site-post-title":"disabled","ast-breadcrumbs-content":"","ast-featured-img":"disabled","footer-sml-layout":"","theme-transparent-header-meta":"","adv-header-id-meta":"","stick-header-meta":"","header-above-stick-meta":"","header-main-stick-meta":"","header-below-stick-meta":"","astra-migrate-meta-layouts":"default","ast-page-background-enabled":"default","ast-page-background-meta":{"desktop":{"background-color":"var(--ast-global-color-4)","background-image":"","background-repeat":"repeat","background-position":"center center","background-size":"auto","background-attachment":"scroll","background-type":"","background-media":"","overlay-type":"","overlay-color":"","overlay-opacity":"","overlay-gradient":""},"tablet":{"background-color":"","background-image":"","background-repeat":"repeat","background-position":"center center","background-size":"auto","background-attachment":"scroll","background-type":"","background-media":"","overlay-type":"","overlay-color":"","overlay-opacity":"","overlay-gradient":""},"mobile":{"background-color":"","background-image":"","background-repeat":"repeat","background-position":"center center","background-size":"auto","background-attachment":"scroll","background-type":"","background-media":"","overlay-type":"","overlay-color":"","overlay-opacity":"","overlay-gradient":""}},"ast-content-background-meta":{"desktop":{"background-color":"var(--ast-global-color-5)","background-image":"","background-repeat":"repeat","background-position":"center center","background-size":"auto","background-attachment":"scroll","background-type":"","background-media":"","overlay-type":"","overlay-color":"","overlay-opacity":"","overlay-gradient":""},"tablet":{"background-color":"var(--ast-global-color-5)","background-image":"","background-repeat":"repeat","background-position":"center center","background-size":"auto","background-attachment":"scroll","background-type":"","background-media":"","overlay-type":"","overlay-color":"","overlay-opacity":"","overlay-gradient":""},"mobile":{"background-color":"var(--ast-global-color-5)","background-image":"","background-repeat":"repeat","background-position":"center center","background-size":"auto","background-attachment":"scroll","background-type":"","background-media":"","overlay-type":"","overlay-color":"","overlay-opacity":"","overlay-gradient":""}},"footnotes":""},"wf_page_folders":[19],"class_list":["post-3965","page","type-page","status-publish","hentry"],"yoast_head":"<!-- This site is optimized with the Yoast SEO Premium plugin v24.5 (Yoast SEO v27.5) - https:\/\/yoast.com\/product\/yoast-seo-premium-wordpress\/ -->\n<title>Fiestas de bloque - 25 Th Ward<\/title>\n<meta name=\"robots\" content=\"index, follow, max-snippet:-1, max-image-preview:large, max-video-preview:-1\" \/>\n<link rel=\"canonical\" href=\"https:\/\/25thward.org\/es\/residentes\/aplicaciones\/fiesta-en-la-calle\/\" \/>\n<meta property=\"og:locale\" content=\"es_ES\" \/>\n<meta property=\"og:type\" content=\"article\" \/>\n<meta property=\"og:title\" content=\"Fiestas de bloque\" \/>\n<meta property=\"og:description\" content=\"APLICACIONES PARA FIESTAS DE BLOQUE Los residentes que deseen organizar una fiesta de barrio este a\u00f1o pueden encontrar aqu\u00ed el formulario de solicitud. Ver formulario Solicitamos que el peticionario devuelva la solicitud completa a nuestra oficina al menos una semana antes de su evento. Si est\u00e1s interesado en tener una casa inflable en tu fiesta [&hellip;]\" \/>\n<meta property=\"og:url\" content=\"https:\/\/25thward.org\/es\/residentes\/aplicaciones\/fiesta-en-la-calle\/\" \/>\n<meta property=\"og:site_name\" content=\"25 Th Ward\" \/>\n<meta property=\"article:publisher\" content=\"https:\/\/www.facebook.com\/SigchoFor25\" \/>\n<meta property=\"article:modified_time\" content=\"2026-01-29T14:41:51+00:00\" \/>\n<meta property=\"og:image\" content=\"https:\/\/25thward.org\/wp-content\/uploads\/2025\/02\/IMG_7286.jpg\" \/>\n\t<meta property=\"og:image:width\" content=\"1536\" \/>\n\t<meta property=\"og:image:height\" content=\"2048\" \/>\n\t<meta property=\"og:image:type\" content=\"image\/jpeg\" \/>\n<meta name=\"twitter:card\" content=\"summary_large_image\" \/>\n<meta name=\"twitter:site\" content=\"@byronsigcho\" \/>\n<meta name=\"twitter:label1\" content=\"Tiempo de lectura\" \/>\n\t<meta name=\"twitter:data1\" content=\"1 minuto\" \/>\n<script type=\"application\/ld+json\" class=\"yoast-schema-graph\">{\"@context\":\"https:\\\/\\\/schema.org\",\"@graph\":[{\"@type\":\"WebPage\",\"@id\":\"https:\\\/\\\/25thward.org\\\/es\\\/residentes\\\/aplicaciones\\\/fiesta-en-la-calle\\\/\",\"url\":\"https:\\\/\\\/25thward.org\\\/es\\\/residentes\\\/aplicaciones\\\/fiesta-en-la-calle\\\/\",\"name\":\"Fiestas de bloque - 25 Th Ward\",\"isPartOf\":{\"@id\":\"https:\\\/\\\/25thward.org\\\/#website\"},\"primaryImageOfPage\":{\"@id\":\"https:\\\/\\\/25thward.org\\\/es\\\/residentes\\\/aplicaciones\\\/fiesta-en-la-calle\\\/#primaryimage\"},\"image\":{\"@id\":\"https:\\\/\\\/25thward.org\\\/es\\\/residentes\\\/aplicaciones\\\/fiesta-en-la-calle\\\/#primaryimage\"},\"thumbnailUrl\":\"https:\\\/\\\/25thward.org\\\/wp-content\\\/uploads\\\/2025\\\/02\\\/IMG_7286-768x1024.jpg\",\"datePublished\":\"2023-08-25T00:14:22+00:00\",\"dateModified\":\"2026-01-29T14:41:51+00:00\",\"breadcrumb\":{\"@id\":\"https:\\\/\\\/25thward.org\\\/es\\\/residentes\\\/aplicaciones\\\/fiesta-en-la-calle\\\/#breadcrumb\"},\"inLanguage\":\"es\",\"potentialAction\":[{\"@type\":\"ReadAction\",\"target\":[\"https:\\\/\\\/25thward.org\\\/es\\\/residentes\\\/aplicaciones\\\/fiesta-en-la-calle\\\/\"]}]},{\"@type\":\"ImageObject\",\"inLanguage\":\"es\",\"@id\":\"https:\\\/\\\/25thward.org\\\/es\\\/residentes\\\/aplicaciones\\\/fiesta-en-la-calle\\\/#primaryimage\",\"url\":\"https:\\\/\\\/25thward.org\\\/wp-content\\\/uploads\\\/2025\\\/02\\\/IMG_7286-768x1024.jpg\",\"contentUrl\":\"https:\\\/\\\/25thward.org\\\/wp-content\\\/uploads\\\/2025\\\/02\\\/IMG_7286-768x1024.jpg\"},{\"@type\":\"BreadcrumbList\",\"@id\":\"https:\\\/\\\/25thward.org\\\/es\\\/residentes\\\/aplicaciones\\\/fiesta-en-la-calle\\\/#breadcrumb\",\"itemListElement\":[{\"@type\":\"ListItem\",\"position\":1,\"name\":\"Home\",\"item\":\"https:\\\/\\\/25thward.org\\\/es\\\/\"},{\"@type\":\"ListItem\",\"position\":2,\"name\":\"Residentes\",\"item\":\"https:\\\/\\\/25thward.org\\\/es\\\/residentes\\\/\"},{\"@type\":\"ListItem\",\"position\":3,\"name\":\"Aplicaciones\",\"item\":\"https:\\\/\\\/25thward.org\\\/es\\\/residentes\\\/aplicaciones\\\/\"},{\"@type\":\"ListItem\",\"position\":4,\"name\":\"Fiestas de bloque\"}]},{\"@type\":\"WebSite\",\"@id\":\"https:\\\/\\\/25thward.org\\\/#website\",\"url\":\"https:\\\/\\\/25thward.org\\\/\",\"name\":\"25 Th Ward\",\"description\":\"\",\"publisher\":{\"@id\":\"https:\\\/\\\/25thward.org\\\/#organization\"},\"potentialAction\":[{\"@type\":\"SearchAction\",\"target\":{\"@type\":\"EntryPoint\",\"urlTemplate\":\"https:\\\/\\\/25thward.org\\\/?s={search_term_string}\"},\"query-input\":{\"@type\":\"PropertyValueSpecification\",\"valueRequired\":true,\"valueName\":\"search_term_string\"}}],\"inLanguage\":\"es\"},{\"@type\":\"Organization\",\"@id\":\"https:\\\/\\\/25thward.org\\\/#organization\",\"name\":\"Byron Sigcho Lopez\",\"url\":\"https:\\\/\\\/25thward.org\\\/\",\"logo\":{\"@type\":\"ImageObject\",\"inLanguage\":\"es\",\"@id\":\"https:\\\/\\\/25thward.org\\\/#\\\/schema\\\/logo\\\/image\\\/\",\"url\":\"https:\\\/\\\/25thward.org\\\/wp-content\\\/uploads\\\/2023\\\/08\\\/Untitled-design-5.png\",\"contentUrl\":\"https:\\\/\\\/25thward.org\\\/wp-content\\\/uploads\\\/2023\\\/08\\\/Untitled-design-5.png\",\"width\":6912,\"height\":3456,\"caption\":\"Byron Sigcho Lopez\"},\"image\":{\"@id\":\"https:\\\/\\\/25thward.org\\\/#\\\/schema\\\/logo\\\/image\\\/\"},\"sameAs\":[\"https:\\\/\\\/www.facebook.com\\\/SigchoFor25\",\"https:\\\/\\\/x.com\\\/byronsigcho\",\"https:\\\/\\\/www.instagram.com\\\/sigchofor25\\\/\"]}]}<\/script>\n<!-- \/ Yoast SEO Premium plugin. -->","yoast_head_json":{"title":"Fiestas de bloque - 25 Th Ward","robots":{"index":"index","follow":"follow","max-snippet":"max-snippet:-1","max-image-preview":"max-image-preview:large","max-video-preview":"max-video-preview:-1"},"canonical":"https:\/\/25thward.org\/es\/residentes\/aplicaciones\/fiesta-en-la-calle\/","og_locale":"es_ES","og_type":"article","og_title":"Fiestas de bloque","og_description":"APLICACIONES PARA FIESTAS DE BLOQUE Los residentes que deseen organizar una fiesta de barrio este a\u00f1o pueden encontrar aqu\u00ed el formulario de solicitud. Ver formulario Solicitamos que el peticionario devuelva la solicitud completa a nuestra oficina al menos una semana antes de su evento. Si est\u00e1s interesado en tener una casa inflable en tu fiesta [&hellip;]","og_url":"https:\/\/25thward.org\/es\/residentes\/aplicaciones\/fiesta-en-la-calle\/","og_site_name":"25 Th Ward","article_publisher":"https:\/\/www.facebook.com\/SigchoFor25","article_modified_time":"2026-01-29T14:41:51+00:00","og_image":[{"width":1536,"height":2048,"url":"https:\/\/25thward.org\/wp-content\/uploads\/2025\/02\/IMG_7286.jpg","type":"image\/jpeg"}],"twitter_card":"summary_large_image","twitter_site":"@byronsigcho","twitter_misc":{"Tiempo de lectura":"1 minuto"},"schema":{"@context":"https:\/\/schema.org","@graph":[{"@type":"WebPage","@id":"https:\/\/25thward.org\/es\/residentes\/aplicaciones\/fiesta-en-la-calle\/","url":"https:\/\/25thward.org\/es\/residentes\/aplicaciones\/fiesta-en-la-calle\/","name":"Fiestas de bloque - 25 Th Ward","isPartOf":{"@id":"https:\/\/25thward.org\/#website"},"primaryImageOfPage":{"@id":"https:\/\/25thward.org\/es\/residentes\/aplicaciones\/fiesta-en-la-calle\/#primaryimage"},"image":{"@id":"https:\/\/25thward.org\/es\/residentes\/aplicaciones\/fiesta-en-la-calle\/#primaryimage"},"thumbnailUrl":"https:\/\/25thward.org\/wp-content\/uploads\/2025\/02\/IMG_7286-768x1024.jpg","datePublished":"2023-08-25T00:14:22+00:00","dateModified":"2026-01-29T14:41:51+00:00","breadcrumb":{"@id":"https:\/\/25thward.org\/es\/residentes\/aplicaciones\/fiesta-en-la-calle\/#breadcrumb"},"inLanguage":"es","potentialAction":[{"@type":"ReadAction","target":["https:\/\/25thward.org\/es\/residentes\/aplicaciones\/fiesta-en-la-calle\/"]}]},{"@type":"ImageObject","inLanguage":"es","@id":"https:\/\/25thward.org\/es\/residentes\/aplicaciones\/fiesta-en-la-calle\/#primaryimage","url":"https:\/\/25thward.org\/wp-content\/uploads\/2025\/02\/IMG_7286-768x1024.jpg","contentUrl":"https:\/\/25thward.org\/wp-content\/uploads\/2025\/02\/IMG_7286-768x1024.jpg"},{"@type":"BreadcrumbList","@id":"https:\/\/25thward.org\/es\/residentes\/aplicaciones\/fiesta-en-la-calle\/#breadcrumb","itemListElement":[{"@type":"ListItem","position":1,"name":"Home","item":"https:\/\/25thward.org\/es\/"},{"@type":"ListItem","position":2,"name":"Residentes","item":"https:\/\/25thward.org\/es\/residentes\/"},{"@type":"ListItem","position":3,"name":"Aplicaciones","item":"https:\/\/25thward.org\/es\/residentes\/aplicaciones\/"},{"@type":"ListItem","position":4,"name":"Fiestas de bloque"}]},{"@type":"WebSite","@id":"https:\/\/25thward.org\/#website","url":"https:\/\/25thward.org\/","name":"25 Th Ward","description":"","publisher":{"@id":"https:\/\/25thward.org\/#organization"},"potentialAction":[{"@type":"SearchAction","target":{"@type":"EntryPoint","urlTemplate":"https:\/\/25thward.org\/?s={search_term_string}"},"query-input":{"@type":"PropertyValueSpecification","valueRequired":true,"valueName":"search_term_string"}}],"inLanguage":"es"},{"@type":"Organization","@id":"https:\/\/25thward.org\/#organization","name":"Byron Sigcho Lopez","url":"https:\/\/25thward.org\/","logo":{"@type":"ImageObject","inLanguage":"es","@id":"https:\/\/25thward.org\/#\/schema\/logo\/image\/","url":"https:\/\/25thward.org\/wp-content\/uploads\/2023\/08\/Untitled-design-5.png","contentUrl":"https:\/\/25thward.org\/wp-content\/uploads\/2023\/08\/Untitled-design-5.png","width":6912,"height":3456,"caption":"Byron Sigcho Lopez"},"image":{"@id":"https:\/\/25thward.org\/#\/schema\/logo\/image\/"},"sameAs":["https:\/\/www.facebook.com\/SigchoFor25","https:\/\/x.com\/byronsigcho","https:\/\/www.instagram.com\/sigchofor25\/"]}]}},"_links":{"self":[{"href":"https:\/\/25thward.org\/es\/wp-json\/wp\/v2\/pages\/3965","targetHints":{"allow":["GET"]}}],"collection":[{"href":"https:\/\/25thward.org\/es\/wp-json\/wp\/v2\/pages"}],"about":[{"href":"https:\/\/25thward.org\/es\/wp-json\/wp\/v2\/types\/page"}],"author":[{"embeddable":true,"href":"https:\/\/25thward.org\/es\/wp-json\/wp\/v2\/users\/1"}],"replies":[{"embeddable":true,"href":"https:\/\/25thward.org\/es\/wp-json\/wp\/v2\/comments?post=3965"}],"version-history":[{"count":16,"href":"https:\/\/25thward.org\/es\/wp-json\/wp\/v2\/pages\/3965\/revisions"}],"predecessor-version":[{"id":15287,"href":"https:\/\/25thward.org\/es\/wp-json\/wp\/v2\/pages\/3965\/revisions\/15287"}],"up":[{"embeddable":true,"href":"https:\/\/25thward.org\/es\/wp-json\/wp\/v2\/pages\/3968"}],"wp:attachment":[{"href":"https:\/\/25thward.org\/es\/wp-json\/wp\/v2\/media?parent=3965"}],"wp:term":[{"taxonomy":"wf_page_folders","embeddable":true,"href":"https:\/\/25thward.org\/es\/wp-json\/wp\/v2\/wf_page_folders?post=3965"}],"curies":[{"name":"wp","href":"https:\/\/api.w.org\/{rel}","templated":true}]}}