{"id":3963,"date":"2023-08-24T19:38:08","date_gmt":"2023-08-25T00:38:08","guid":{"rendered":"https:\/\/25thward.org\/permisos-del-departamento-de-edificios\/"},"modified":"2026-01-29T09:04:26","modified_gmt":"2026-01-29T15:04:26","slug":"permisos-del-departamento-de-edificios","status":"publish","type":"page","link":"https:\/\/25thward.org\/es\/residentes\/aplicaciones\/permisos-del-departamento-de-edificios\/","title":{"rendered":"Permisos del Departamento de Edificios"},"content":{"rendered":"\t\t<div data-elementor-type=\"wp-page\" data-elementor-id=\"3963\" class=\"elementor elementor-3963 elementor-1489\" data-elementor-post-type=\"page\">\n\t\t\t\t\t\t<section data-particle_enable=\"false\" data-particle-mobile-disabled=\"false\" class=\"elementor-section elementor-top-section elementor-element elementor-element-61c2cff elementor-section-full_width animated-slow elementor-section-height-default elementor-section-height-default elementor-invisible\" data-id=\"61c2cff\" data-element_type=\"section\" data-e-type=\"section\" data-settings=\"{&quot;background_background&quot;:&quot;classic&quot;,&quot;animation&quot;:&quot;fadeInRight&quot;}\">\n\t\t\t\t\t\t<div class=\"elementor-container elementor-column-gap-default\">\n\t\t\t\t\t<div class=\"elementor-column elementor-col-66 elementor-top-column elementor-element elementor-element-0814ba9\" data-id=\"0814ba9\" data-element_type=\"column\" data-e-type=\"column\">\n\t\t\t<div class=\"elementor-widget-wrap elementor-element-populated\">\n\t\t\t\t\t\t<div class=\"elementor-element elementor-element-950ba1f elementor-widget elementor-widget-breadcrumbs\" data-id=\"950ba1f\" data-element_type=\"widget\" data-e-type=\"widget\" data-widget_type=\"breadcrumbs.default\">\n\t\t\t\t<div class=\"elementor-widget-container\">\n\t\t\t\t\t<div id=\"breadcrumbs\"><span><span><a href=\"https:\/\/25thward.org\/es\/\">Home<\/a><\/span><\/span><\/div>\t\t\t\t<\/div>\n\t\t\t\t<\/div>\n\t\t\t\t\t<\/div>\n\t\t<\/div>\n\t\t\t\t<div class=\"elementor-column elementor-col-33 elementor-top-column elementor-element elementor-element-9488961 elementor-hidden-mobile\" data-id=\"9488961\" data-element_type=\"column\" data-e-type=\"column\">\n\t\t\t<div class=\"elementor-widget-wrap\">\n\t\t\t\t\t\t\t<\/div>\n\t\t<\/div>\n\t\t\t\t\t<\/div>\n\t\t<\/section>\n\t\t\t\t<section data-particle_enable=\"false\" data-particle-mobile-disabled=\"false\" class=\"elementor-section elementor-top-section elementor-element elementor-element-82d0f50 elementor-section-full_width animated-slow elementor-section-height-default elementor-section-height-default elementor-invisible\" data-id=\"82d0f50\" data-element_type=\"section\" data-e-type=\"section\" data-settings=\"{&quot;background_background&quot;:&quot;classic&quot;,&quot;animation&quot;:&quot;fadeInRight&quot;}\">\n\t\t\t\t\t\t<div class=\"elementor-container elementor-column-gap-default\">\n\t\t\t\t\t<div class=\"elementor-column elementor-col-66 elementor-top-column elementor-element elementor-element-eaccd13\" data-id=\"eaccd13\" data-element_type=\"column\" data-e-type=\"column\">\n\t\t\t<div class=\"elementor-widget-wrap elementor-element-populated\">\n\t\t\t\t\t\t<div class=\"elementor-element elementor-element-bdd8560 elementor-widget elementor-widget-heading\" data-id=\"bdd8560\" data-element_type=\"widget\" data-e-type=\"widget\" data-widget_type=\"heading.default\">\n\t\t\t\t<div class=\"elementor-widget-container\">\n\t\t\t\t\t<h2 class=\"elementor-heading-title elementor-size-default\">PROGRAMA DE PERMISOS EXPR\u00c9S DEL DEPARTAMENTO DE EDIFICIOS<\/h2>\t\t\t\t<\/div>\n\t\t\t\t<\/div>\n\t\t\t\t<div class=\"elementor-element elementor-element-1e299e4 elementor-widget elementor-widget-text-editor\" data-id=\"1e299e4\" data-element_type=\"widget\" data-e-type=\"widget\" data-widget_type=\"text-editor.default\">\n\t\t\t\t<div class=\"elementor-widget-container\">\n\t\t\t\t\t\t\t\t\t<p><span style=\"font-weight: 400;\">El programa Easy Permit es un proceso de obtenci\u00f3n de permisos simplificado para proyectos peque\u00f1os y sencillos de mejora de viviendas y edificios. Permite a los propietarios de viviendas y edificios obtener un permiso para reparar o reemplazar caracter\u00edsticas existentes de un edificio o realizar modificaciones menores sin proporcionar planos arquitect\u00f3nicos. Puede utilizar el proceso de permiso f\u00e1cil para los siguientes tipos de proyectos que se encuentran <a href=\"https:\/\/www.chicago.gov\/city\/en\/depts\/bldgs\/provdrs\/permits\/svcs\/express-permits.html\" target=\"_blank\" rel=\"noopener\"><strong>aqu\u00ed<\/strong><\/a>. <\/span><span style=\"font-weight: 400;\">La Solicitud de Permiso F\u00e1cil se puede encontrar <a href=\"https:\/\/ipi.cityofchicago.org\/Profile\" target=\"_blank\" rel=\"noopener\">aqu\u00ed<\/a>.<\/span><\/p><p>Si los residentes necesitan ayuda para rellenar la solicitud, pueden acudir a la oficina del distrito 25.<\/p><p>\u00bfQuieres estar al d\u00eda? Suscr\u00edbete a su bolet\u00edn <a href=\"https:\/\/visitor.r20.constantcontact.com\/manage\/optin?v=001fGcZPO9PEF58pRVtcuc5dV2dpD2VT6hfe84PeK9UphOs_SCibvi-R4Uz52m-qIKJ23phh3QAlz-L_OTkij-KuyFqGHMvDQ92aOecv-SEqU4%3D\" target=\"_blank\" rel=\"noopener\">aqu\u00ed<\/a>.<\/p>\t\t\t\t\t\t\t\t<\/div>\n\t\t\t\t<\/div>\n\t\t\t\t\t<\/div>\n\t\t<\/div>\n\t\t\t\t<div class=\"elementor-column elementor-col-33 elementor-top-column elementor-element elementor-element-e626d08 elementor-hidden-tablet elementor-hidden-mobile\" data-id=\"e626d08\" data-element_type=\"column\" data-e-type=\"column\">\n\t\t\t<div class=\"elementor-widget-wrap elementor-element-populated\">\n\t\t\t\t\t\t<div class=\"elementor-element elementor-element-2e0c2d3 elementor-widget elementor-widget-image\" data-id=\"2e0c2d3\" data-element_type=\"widget\" data-e-type=\"widget\" data-widget_type=\"image.default\">\n\t\t\t\t<div class=\"elementor-widget-container\">\n\t\t\t\t\t\t\t\t\t\t\t\t\t\t\t<img fetchpriority=\"high\" decoding=\"async\" width=\"1024\" height=\"682\" src=\"https:\/\/25thward.org\/wp-content\/uploads\/2026\/01\/4f15b9_cfc26e1659534aacbfefe86a582a6b9dmv2-1024x682.jpg\" class=\"attachment-large size-large wp-image-15309\" alt=\"\" srcset=\"https:\/\/25thward.org\/wp-content\/uploads\/2026\/01\/4f15b9_cfc26e1659534aacbfefe86a582a6b9dmv2-1024x682.jpg 1024w, https:\/\/25thward.org\/wp-content\/uploads\/2026\/01\/4f15b9_cfc26e1659534aacbfefe86a582a6b9dmv2-300x200.jpg 300w, https:\/\/25thward.org\/wp-content\/uploads\/2026\/01\/4f15b9_cfc26e1659534aacbfefe86a582a6b9dmv2-768x512.jpg 768w, https:\/\/25thward.org\/wp-content\/uploads\/2026\/01\/4f15b9_cfc26e1659534aacbfefe86a582a6b9dmv2-1536x1023.jpg 1536w, https:\/\/25thward.org\/wp-content\/uploads\/2026\/01\/4f15b9_cfc26e1659534aacbfefe86a582a6b9dmv2.jpg 1600w\" sizes=\"(max-width: 1024px) 100vw, 1024px\" \/>\t\t\t\t\t\t\t\t\t\t\t\t\t\t\t<\/div>\n\t\t\t\t<\/div>\n\t\t\t\t\t<\/div>\n\t\t<\/div>\n\t\t\t\t\t<\/div>\n\t\t<\/section>\n\t\t\t\t<\/div>\n\t\t","protected":false},"excerpt":{"rendered":"<p>PROGRAMA DE PERMISOS EXPR\u00c9S DEL DEPARTAMENTO DE EDIFICIOS El programa Easy Permit es un proceso de obtenci\u00f3n de permisos simplificado para proyectos peque\u00f1os y sencillos de mejora de viviendas y edificios. Permite a los propietarios de viviendas y edificios obtener un permiso para reparar o reemplazar caracter\u00edsticas existentes de un edificio o realizar modificaciones menores [&hellip;]<\/p>\n","protected":false},"author":1,"featured_media":0,"parent":3968,"menu_order":0,"comment_status":"closed","ping_status":"closed","template":"","meta":{"site-sidebar-layout":"no-sidebar","site-content-layout":"page-builder","ast-site-content-layout":"full-width-container","site-content-style":"unboxed","site-sidebar-style":"unboxed","ast-global-header-display":"","ast-banner-title-visibility":"","ast-main-header-display":"","ast-hfb-above-header-display":"","ast-hfb-below-header-display":"","ast-hfb-mobile-header-display":"","site-post-title":"disabled","ast-breadcrumbs-content":"","ast-featured-img":"disabled","footer-sml-layout":"","theme-transparent-header-meta":"","adv-header-id-meta":"","stick-header-meta":"","header-above-stick-meta":"","header-main-stick-meta":"","header-below-stick-meta":"","astra-migrate-meta-layouts":"default","ast-page-background-enabled":"default","ast-page-background-meta":{"desktop":{"background-color":"var(--ast-global-color-4)","background-image":"","background-repeat":"repeat","background-position":"center center","background-size":"auto","background-attachment":"scroll","background-type":"","background-media":"","overlay-type":"","overlay-color":"","overlay-opacity":"","overlay-gradient":""},"tablet":{"background-color":"","background-image":"","background-repeat":"repeat","background-position":"center center","background-size":"auto","background-attachment":"scroll","background-type":"","background-media":"","overlay-type":"","overlay-color":"","overlay-opacity":"","overlay-gradient":""},"mobile":{"background-color":"","background-image":"","background-repeat":"repeat","background-position":"center center","background-size":"auto","background-attachment":"scroll","background-type":"","background-media":"","overlay-type":"","overlay-color":"","overlay-opacity":"","overlay-gradient":""}},"ast-content-background-meta":{"desktop":{"background-color":"var(--ast-global-color-5)","background-image":"","background-repeat":"repeat","background-position":"center center","background-size":"auto","background-attachment":"scroll","background-type":"","background-media":"","overlay-type":"","overlay-color":"","overlay-opacity":"","overlay-gradient":""},"tablet":{"background-color":"var(--ast-global-color-5)","background-image":"","background-repeat":"repeat","background-position":"center center","background-size":"auto","background-attachment":"scroll","background-type":"","background-media":"","overlay-type":"","overlay-color":"","overlay-opacity":"","overlay-gradient":""},"mobile":{"background-color":"var(--ast-global-color-5)","background-image":"","background-repeat":"repeat","background-position":"center center","background-size":"auto","background-attachment":"scroll","background-type":"","background-media":"","overlay-type":"","overlay-color":"","overlay-opacity":"","overlay-gradient":""}},"footnotes":""},"wf_page_folders":[19],"class_list":["post-3963","page","type-page","status-publish","hentry"],"yoast_head":"<!-- This site is optimized with the Yoast SEO Premium plugin v24.5 (Yoast SEO v27.4) - https:\/\/yoast.com\/product\/yoast-seo-premium-wordpress\/ -->\n<title>Permisos del Departamento de Edificios - 25 Th Ward<\/title>\n<meta name=\"robots\" content=\"index, follow, max-snippet:-1, max-image-preview:large, max-video-preview:-1\" \/>\n<link rel=\"canonical\" href=\"https:\/\/25thward.org\/es\/residentes\/aplicaciones\/permisos-del-departamento-de-edificios\/\" \/>\n<meta property=\"og:locale\" content=\"es_ES\" \/>\n<meta property=\"og:type\" content=\"article\" \/>\n<meta property=\"og:title\" content=\"Permisos del Departamento de Edificios\" \/>\n<meta property=\"og:description\" content=\"PROGRAMA DE PERMISOS EXPR\u00c9S DEL DEPARTAMENTO DE EDIFICIOS El programa Easy Permit es un proceso de obtenci\u00f3n de permisos simplificado para proyectos peque\u00f1os y sencillos de mejora de viviendas y edificios. Permite a los propietarios de viviendas y edificios obtener un permiso para reparar o reemplazar caracter\u00edsticas existentes de un edificio o realizar modificaciones menores [&hellip;]\" \/>\n<meta property=\"og:url\" content=\"https:\/\/25thward.org\/es\/residentes\/aplicaciones\/permisos-del-departamento-de-edificios\/\" \/>\n<meta property=\"og:site_name\" content=\"25 Th Ward\" \/>\n<meta property=\"article:publisher\" content=\"https:\/\/www.facebook.com\/SigchoFor25\" \/>\n<meta property=\"article:modified_time\" content=\"2026-01-29T15:04:26+00:00\" \/>\n<meta property=\"og:image\" content=\"https:\/\/25thward.org\/wp-content\/uploads\/2026\/01\/4f15b9_cfc26e1659534aacbfefe86a582a6b9dmv2.jpg\" \/>\n\t<meta property=\"og:image:width\" content=\"1600\" \/>\n\t<meta property=\"og:image:height\" content=\"1066\" \/>\n\t<meta property=\"og:image:type\" content=\"image\/jpeg\" \/>\n<meta name=\"twitter:card\" content=\"summary_large_image\" \/>\n<meta name=\"twitter:site\" content=\"@byronsigcho\" \/>\n<meta name=\"twitter:label1\" content=\"Tiempo de lectura\" \/>\n\t<meta name=\"twitter:data1\" content=\"1 minuto\" \/>\n<script type=\"application\/ld+json\" class=\"yoast-schema-graph\">{\"@context\":\"https:\\\/\\\/schema.org\",\"@graph\":[{\"@type\":\"WebPage\",\"@id\":\"https:\\\/\\\/25thward.org\\\/es\\\/residentes\\\/aplicaciones\\\/permisos-del-departamento-de-edificios\\\/\",\"url\":\"https:\\\/\\\/25thward.org\\\/es\\\/residentes\\\/aplicaciones\\\/permisos-del-departamento-de-edificios\\\/\",\"name\":\"Permisos del Departamento de Edificios - 25 Th Ward\",\"isPartOf\":{\"@id\":\"https:\\\/\\\/25thward.org\\\/#website\"},\"primaryImageOfPage\":{\"@id\":\"https:\\\/\\\/25thward.org\\\/es\\\/residentes\\\/aplicaciones\\\/permisos-del-departamento-de-edificios\\\/#primaryimage\"},\"image\":{\"@id\":\"https:\\\/\\\/25thward.org\\\/es\\\/residentes\\\/aplicaciones\\\/permisos-del-departamento-de-edificios\\\/#primaryimage\"},\"thumbnailUrl\":\"https:\\\/\\\/25thward.org\\\/wp-content\\\/uploads\\\/2026\\\/01\\\/4f15b9_cfc26e1659534aacbfefe86a582a6b9dmv2-1024x682.jpg\",\"datePublished\":\"2023-08-25T00:38:08+00:00\",\"dateModified\":\"2026-01-29T15:04:26+00:00\",\"breadcrumb\":{\"@id\":\"https:\\\/\\\/25thward.org\\\/es\\\/residentes\\\/aplicaciones\\\/permisos-del-departamento-de-edificios\\\/#breadcrumb\"},\"inLanguage\":\"es\",\"potentialAction\":[{\"@type\":\"ReadAction\",\"target\":[\"https:\\\/\\\/25thward.org\\\/es\\\/residentes\\\/aplicaciones\\\/permisos-del-departamento-de-edificios\\\/\"]}]},{\"@type\":\"ImageObject\",\"inLanguage\":\"es\",\"@id\":\"https:\\\/\\\/25thward.org\\\/es\\\/residentes\\\/aplicaciones\\\/permisos-del-departamento-de-edificios\\\/#primaryimage\",\"url\":\"https:\\\/\\\/25thward.org\\\/wp-content\\\/uploads\\\/2026\\\/01\\\/4f15b9_cfc26e1659534aacbfefe86a582a6b9dmv2-1024x682.jpg\",\"contentUrl\":\"https:\\\/\\\/25thward.org\\\/wp-content\\\/uploads\\\/2026\\\/01\\\/4f15b9_cfc26e1659534aacbfefe86a582a6b9dmv2-1024x682.jpg\"},{\"@type\":\"BreadcrumbList\",\"@id\":\"https:\\\/\\\/25thward.org\\\/es\\\/residentes\\\/aplicaciones\\\/permisos-del-departamento-de-edificios\\\/#breadcrumb\",\"itemListElement\":[{\"@type\":\"ListItem\",\"position\":1,\"name\":\"Home\",\"item\":\"https:\\\/\\\/25thward.org\\\/es\\\/\"},{\"@type\":\"ListItem\",\"position\":2,\"name\":\"Residentes\",\"item\":\"https:\\\/\\\/25thward.org\\\/es\\\/residentes\\\/\"},{\"@type\":\"ListItem\",\"position\":3,\"name\":\"Aplicaciones\",\"item\":\"https:\\\/\\\/25thward.org\\\/es\\\/residentes\\\/aplicaciones\\\/\"},{\"@type\":\"ListItem\",\"position\":4,\"name\":\"Permisos del Departamento de Edificios\"}]},{\"@type\":\"WebSite\",\"@id\":\"https:\\\/\\\/25thward.org\\\/#website\",\"url\":\"https:\\\/\\\/25thward.org\\\/\",\"name\":\"25 Th Ward\",\"description\":\"\",\"publisher\":{\"@id\":\"https:\\\/\\\/25thward.org\\\/#organization\"},\"potentialAction\":[{\"@type\":\"SearchAction\",\"target\":{\"@type\":\"EntryPoint\",\"urlTemplate\":\"https:\\\/\\\/25thward.org\\\/?s={search_term_string}\"},\"query-input\":{\"@type\":\"PropertyValueSpecification\",\"valueRequired\":true,\"valueName\":\"search_term_string\"}}],\"inLanguage\":\"es\"},{\"@type\":\"Organization\",\"@id\":\"https:\\\/\\\/25thward.org\\\/#organization\",\"name\":\"Byron Sigcho Lopez\",\"url\":\"https:\\\/\\\/25thward.org\\\/\",\"logo\":{\"@type\":\"ImageObject\",\"inLanguage\":\"es\",\"@id\":\"https:\\\/\\\/25thward.org\\\/#\\\/schema\\\/logo\\\/image\\\/\",\"url\":\"https:\\\/\\\/25thward.org\\\/wp-content\\\/uploads\\\/2023\\\/08\\\/Untitled-design-5.png\",\"contentUrl\":\"https:\\\/\\\/25thward.org\\\/wp-content\\\/uploads\\\/2023\\\/08\\\/Untitled-design-5.png\",\"width\":6912,\"height\":3456,\"caption\":\"Byron Sigcho Lopez\"},\"image\":{\"@id\":\"https:\\\/\\\/25thward.org\\\/#\\\/schema\\\/logo\\\/image\\\/\"},\"sameAs\":[\"https:\\\/\\\/www.facebook.com\\\/SigchoFor25\",\"https:\\\/\\\/x.com\\\/byronsigcho\",\"https:\\\/\\\/www.instagram.com\\\/sigchofor25\\\/\"]}]}<\/script>\n<!-- \/ Yoast SEO Premium plugin. -->","yoast_head_json":{"title":"Permisos del Departamento de Edificios - 25 Th Ward","robots":{"index":"index","follow":"follow","max-snippet":"max-snippet:-1","max-image-preview":"max-image-preview:large","max-video-preview":"max-video-preview:-1"},"canonical":"https:\/\/25thward.org\/es\/residentes\/aplicaciones\/permisos-del-departamento-de-edificios\/","og_locale":"es_ES","og_type":"article","og_title":"Permisos del Departamento de Edificios","og_description":"PROGRAMA DE PERMISOS EXPR\u00c9S DEL DEPARTAMENTO DE EDIFICIOS El programa Easy Permit es un proceso de obtenci\u00f3n de permisos simplificado para proyectos peque\u00f1os y sencillos de mejora de viviendas y edificios. Permite a los propietarios de viviendas y edificios obtener un permiso para reparar o reemplazar caracter\u00edsticas existentes de un edificio o realizar modificaciones menores [&hellip;]","og_url":"https:\/\/25thward.org\/es\/residentes\/aplicaciones\/permisos-del-departamento-de-edificios\/","og_site_name":"25 Th Ward","article_publisher":"https:\/\/www.facebook.com\/SigchoFor25","article_modified_time":"2026-01-29T15:04:26+00:00","og_image":[{"width":1600,"height":1066,"url":"https:\/\/25thward.org\/wp-content\/uploads\/2026\/01\/4f15b9_cfc26e1659534aacbfefe86a582a6b9dmv2.jpg","type":"image\/jpeg"}],"twitter_card":"summary_large_image","twitter_site":"@byronsigcho","twitter_misc":{"Tiempo de lectura":"1 minuto"},"schema":{"@context":"https:\/\/schema.org","@graph":[{"@type":"WebPage","@id":"https:\/\/25thward.org\/es\/residentes\/aplicaciones\/permisos-del-departamento-de-edificios\/","url":"https:\/\/25thward.org\/es\/residentes\/aplicaciones\/permisos-del-departamento-de-edificios\/","name":"Permisos del Departamento de Edificios - 25 Th Ward","isPartOf":{"@id":"https:\/\/25thward.org\/#website"},"primaryImageOfPage":{"@id":"https:\/\/25thward.org\/es\/residentes\/aplicaciones\/permisos-del-departamento-de-edificios\/#primaryimage"},"image":{"@id":"https:\/\/25thward.org\/es\/residentes\/aplicaciones\/permisos-del-departamento-de-edificios\/#primaryimage"},"thumbnailUrl":"https:\/\/25thward.org\/wp-content\/uploads\/2026\/01\/4f15b9_cfc26e1659534aacbfefe86a582a6b9dmv2-1024x682.jpg","datePublished":"2023-08-25T00:38:08+00:00","dateModified":"2026-01-29T15:04:26+00:00","breadcrumb":{"@id":"https:\/\/25thward.org\/es\/residentes\/aplicaciones\/permisos-del-departamento-de-edificios\/#breadcrumb"},"inLanguage":"es","potentialAction":[{"@type":"ReadAction","target":["https:\/\/25thward.org\/es\/residentes\/aplicaciones\/permisos-del-departamento-de-edificios\/"]}]},{"@type":"ImageObject","inLanguage":"es","@id":"https:\/\/25thward.org\/es\/residentes\/aplicaciones\/permisos-del-departamento-de-edificios\/#primaryimage","url":"https:\/\/25thward.org\/wp-content\/uploads\/2026\/01\/4f15b9_cfc26e1659534aacbfefe86a582a6b9dmv2-1024x682.jpg","contentUrl":"https:\/\/25thward.org\/wp-content\/uploads\/2026\/01\/4f15b9_cfc26e1659534aacbfefe86a582a6b9dmv2-1024x682.jpg"},{"@type":"BreadcrumbList","@id":"https:\/\/25thward.org\/es\/residentes\/aplicaciones\/permisos-del-departamento-de-edificios\/#breadcrumb","itemListElement":[{"@type":"ListItem","position":1,"name":"Home","item":"https:\/\/25thward.org\/es\/"},{"@type":"ListItem","position":2,"name":"Residentes","item":"https:\/\/25thward.org\/es\/residentes\/"},{"@type":"ListItem","position":3,"name":"Aplicaciones","item":"https:\/\/25thward.org\/es\/residentes\/aplicaciones\/"},{"@type":"ListItem","position":4,"name":"Permisos del Departamento de Edificios"}]},{"@type":"WebSite","@id":"https:\/\/25thward.org\/#website","url":"https:\/\/25thward.org\/","name":"25 Th Ward","description":"","publisher":{"@id":"https:\/\/25thward.org\/#organization"},"potentialAction":[{"@type":"SearchAction","target":{"@type":"EntryPoint","urlTemplate":"https:\/\/25thward.org\/?s={search_term_string}"},"query-input":{"@type":"PropertyValueSpecification","valueRequired":true,"valueName":"search_term_string"}}],"inLanguage":"es"},{"@type":"Organization","@id":"https:\/\/25thward.org\/#organization","name":"Byron Sigcho Lopez","url":"https:\/\/25thward.org\/","logo":{"@type":"ImageObject","inLanguage":"es","@id":"https:\/\/25thward.org\/#\/schema\/logo\/image\/","url":"https:\/\/25thward.org\/wp-content\/uploads\/2023\/08\/Untitled-design-5.png","contentUrl":"https:\/\/25thward.org\/wp-content\/uploads\/2023\/08\/Untitled-design-5.png","width":6912,"height":3456,"caption":"Byron Sigcho Lopez"},"image":{"@id":"https:\/\/25thward.org\/#\/schema\/logo\/image\/"},"sameAs":["https:\/\/www.facebook.com\/SigchoFor25","https:\/\/x.com\/byronsigcho","https:\/\/www.instagram.com\/sigchofor25\/"]}]}},"_links":{"self":[{"href":"https:\/\/25thward.org\/es\/wp-json\/wp\/v2\/pages\/3963","targetHints":{"allow":["GET"]}}],"collection":[{"href":"https:\/\/25thward.org\/es\/wp-json\/wp\/v2\/pages"}],"about":[{"href":"https:\/\/25thward.org\/es\/wp-json\/wp\/v2\/types\/page"}],"author":[{"embeddable":true,"href":"https:\/\/25thward.org\/es\/wp-json\/wp\/v2\/users\/1"}],"replies":[{"embeddable":true,"href":"https:\/\/25thward.org\/es\/wp-json\/wp\/v2\/comments?post=3963"}],"version-history":[{"count":20,"href":"https:\/\/25thward.org\/es\/wp-json\/wp\/v2\/pages\/3963\/revisions"}],"predecessor-version":[{"id":15316,"href":"https:\/\/25thward.org\/es\/wp-json\/wp\/v2\/pages\/3963\/revisions\/15316"}],"up":[{"embeddable":true,"href":"https:\/\/25thward.org\/es\/wp-json\/wp\/v2\/pages\/3968"}],"wp:attachment":[{"href":"https:\/\/25thward.org\/es\/wp-json\/wp\/v2\/media?parent=3963"}],"wp:term":[{"taxonomy":"wf_page_folders","embeddable":true,"href":"https:\/\/25thward.org\/es\/wp-json\/wp\/v2\/wf_page_folders?post=3963"}],"curies":[{"name":"wp","href":"https:\/\/api.w.org\/{rel}","templated":true}]}}