{"id":3871,"date":"2023-09-05T22:06:14","date_gmt":"2023-09-06T03:06:14","guid":{"rendered":"https:\/\/25thward.org\/empresas\/las-camaras-de-comercio\/"},"modified":"2026-02-10T15:36:09","modified_gmt":"2026-02-10T21:36:09","slug":"las-camaras-de-comercio","status":"publish","type":"page","link":"https:\/\/25thward.org\/es\/negocios\/las-camaras-de-comercio\/","title":{"rendered":"C\u00e1maras de Comercio"},"content":{"rendered":"\t\t<div data-elementor-type=\"wp-page\" data-elementor-id=\"3871\" class=\"elementor elementor-3871 elementor-2370\" data-elementor-post-type=\"page\">\n\t\t\t\t\t\t<section data-particle_enable=\"false\" data-particle-mobile-disabled=\"false\" class=\"elementor-section elementor-top-section elementor-element elementor-element-a1cc72f elementor-section-full_width animated-slow elementor-section-height-default elementor-section-height-default elementor-invisible\" data-id=\"a1cc72f\" data-element_type=\"section\" data-e-type=\"section\" data-settings=\"{&quot;background_background&quot;:&quot;classic&quot;,&quot;animation&quot;:&quot;fadeInRight&quot;}\">\n\t\t\t\t\t\t<div class=\"elementor-container elementor-column-gap-default\">\n\t\t\t\t\t<div class=\"elementor-column elementor-col-66 elementor-top-column elementor-element elementor-element-1a3f323\" data-id=\"1a3f323\" data-element_type=\"column\" data-e-type=\"column\">\n\t\t\t<div class=\"elementor-widget-wrap elementor-element-populated\">\n\t\t\t\t\t\t<div class=\"elementor-element elementor-element-58e3d7c elementor-widget elementor-widget-breadcrumbs\" data-id=\"58e3d7c\" data-element_type=\"widget\" data-e-type=\"widget\" data-widget_type=\"breadcrumbs.default\">\n\t\t\t\t<div class=\"elementor-widget-container\">\n\t\t\t\t\t<div id=\"breadcrumbs\"><span><span><a href=\"https:\/\/25thward.org\/es\/\">Home<\/a><\/span><\/span><\/div>\t\t\t\t<\/div>\n\t\t\t\t<\/div>\n\t\t\t\t\t<\/div>\n\t\t<\/div>\n\t\t\t\t<div class=\"elementor-column elementor-col-33 elementor-top-column elementor-element elementor-element-389a4cf elementor-hidden-mobile\" data-id=\"389a4cf\" data-element_type=\"column\" data-e-type=\"column\">\n\t\t\t<div class=\"elementor-widget-wrap\">\n\t\t\t\t\t\t\t<\/div>\n\t\t<\/div>\n\t\t\t\t\t<\/div>\n\t\t<\/section>\n\t\t\t\t<section data-particle_enable=\"false\" data-particle-mobile-disabled=\"false\" class=\"elementor-section elementor-top-section elementor-element elementor-element-bba9a10 elementor-section-full_width animated-slow elementor-section-height-default elementor-section-height-default elementor-invisible\" data-id=\"bba9a10\" data-element_type=\"section\" data-e-type=\"section\" data-settings=\"{&quot;background_background&quot;:&quot;classic&quot;,&quot;animation&quot;:&quot;fadeInRight&quot;}\">\n\t\t\t\t\t\t<div class=\"elementor-container elementor-column-gap-default\">\n\t\t\t\t\t<div class=\"elementor-column elementor-col-66 elementor-top-column elementor-element elementor-element-a5ab4f1\" data-id=\"a5ab4f1\" data-element_type=\"column\" data-e-type=\"column\">\n\t\t\t<div class=\"elementor-widget-wrap elementor-element-populated\">\n\t\t\t\t\t\t<div class=\"elementor-element elementor-element-23d8f99 elementor-widget elementor-widget-heading\" data-id=\"23d8f99\" data-element_type=\"widget\" data-e-type=\"widget\" data-widget_type=\"heading.default\">\n\t\t\t\t<div class=\"elementor-widget-container\">\n\t\t\t\t\t<h2 class=\"elementor-heading-title elementor-size-default\"><a href=\"https:\/\/littlevillagechamber.org\/es\/about\/\" target=\"_blank\">C\u00c1MARA DE COMERCIO DE LA VILLITA<\/a><\/h2>\t\t\t\t<\/div>\n\t\t\t\t<\/div>\n\t\t\t\t<div class=\"elementor-element elementor-element-10750c4 elementor-widget elementor-widget-text-editor\" data-id=\"10750c4\" data-element_type=\"widget\" data-e-type=\"widget\" data-widget_type=\"text-editor.default\">\n\t\t\t\t<div class=\"elementor-widget-container\">\n\t\t\t\t\t\t\t\t\t<p>La C\u00e1mara de Comercio de Little Village promueve los negocios locales, el crecimiento econ\u00f3mico y la colaboraci\u00f3n comunitaria. Proporcionamos recursos y apoyo a nuestros miembros con la creaci\u00f3n de redes, talleres, y la promoci\u00f3n. Nuestro objetivo es mejorar la calidad de vida en Little Village mediante la construcci\u00f3n de un futuro pr\u00f3spero para sus residentes. \u00danete a nosotros en esta misi\u00f3n.<\/p>\t\t\t\t\t\t\t\t<\/div>\n\t\t\t\t<\/div>\n\t\t\t\t<div class=\"elementor-element elementor-element-ce3725e elementor-widget elementor-widget-text-editor\" data-id=\"ce3725e\" data-element_type=\"widget\" data-e-type=\"widget\" data-widget_type=\"text-editor.default\">\n\t\t\t\t<div class=\"elementor-widget-container\">\n\t\t\t\t\t\t\t\t\t<ul>\n<li style=\"list-style-type: none;\">\n<ul>\n<li><span style=\"font-weight: 400;\">La C\u00e1mara de Comercio de Little Village ha representado los intereses de las empresas locales y la comunidad comercial biling\u00fce m\u00e1s grande de Chicago. Su misi\u00f3n es apoyar, promover y mejorar el crecimiento y el \u00e9xito de nuestros negocios locales y aprovechar los activos, las contribuciones y la identidad cultural \u00fanica de la identidad mexicana de la comunidad para generar nuevas oportunidades de negocios. Nuestros residentes y due\u00f1os de negocios son reconocidos por su esp\u00edritu emprendedor, fuerte \u00e9tica de trabajo y compromiso con la familia y la comunidad.<\/span><\/li>\n<li><span style=\"font-weight: 400;\">Los visitantes de todo el Medio Oeste se detienen en nuestro vibrante distrito minorista de la calle 26 para conocer el tipo de productos que encontrar\u00e1n en M\u00e9xico. Es el hogar de m\u00e1s de 100 restaurantes que sirven aut\u00e9ntica comida mexicana en un ambiente festivo. Nuestro pr\u00f3spero distrito de negocios tiene 1.800 empresas que ofrecen una amplia gama de productos y servicios minoristas. Little Village tambi\u00e9n es conocida como la Capital de la Quincea\u00f1era del Medio Oeste \u00a1Te invitamos a comprar y cenar en Little Village! \u00a1Tu M\u00e9xico, tu Chicago!<\/span><\/li>\n<\/ul>\n<\/li>\n<\/ul>\n\t\t\t\t\t\t\t\t<\/div>\n\t\t\t\t<\/div>\n\t\t\t\t\t<\/div>\n\t\t<\/div>\n\t\t\t\t<div class=\"elementor-column elementor-col-33 elementor-top-column elementor-element elementor-element-4315194\" data-id=\"4315194\" data-element_type=\"column\" data-e-type=\"column\">\n\t\t\t<div class=\"elementor-widget-wrap elementor-element-populated\">\n\t\t\t\t\t\t<div class=\"elementor-element elementor-element-95ca303 elementor-widget elementor-widget-image\" data-id=\"95ca303\" data-element_type=\"widget\" data-e-type=\"widget\" data-settings=\"{&quot;motion_fx_motion_fx_scrolling&quot;:&quot;yes&quot;,&quot;motion_fx_scale_effect&quot;:&quot;yes&quot;,&quot;motion_fx_scale_direction&quot;:&quot;out-in-out&quot;,&quot;motion_fx_scale_speed&quot;:{&quot;unit&quot;:&quot;px&quot;,&quot;size&quot;:4,&quot;sizes&quot;:[]},&quot;motion_fx_scale_range&quot;:{&quot;unit&quot;:&quot;%&quot;,&quot;size&quot;:&quot;&quot;,&quot;sizes&quot;:{&quot;start&quot;:20,&quot;end&quot;:80}},&quot;motion_fx_devices&quot;:[&quot;desktop&quot;,&quot;tablet&quot;,&quot;mobile&quot;]}\" data-widget_type=\"image.default\">\n\t\t\t\t<div class=\"elementor-widget-container\">\n\t\t\t\t\t\t\t\t\t\t\t\t\t\t\t\t<a href=\"https:\/\/littlevillagechamber.org\/es\/about\/\" target=\"_blank\">\n\t\t\t\t\t\t\t<img fetchpriority=\"high\" decoding=\"async\" width=\"300\" height=\"257\" src=\"https:\/\/25thward.org\/wp-content\/uploads\/2023\/09\/LVCC.webp\" class=\"attachment-large size-large wp-image-4556\" alt=\"\" \/>\t\t\t\t\t\t\t\t<\/a>\n\t\t\t\t\t\t\t\t\t\t\t\t\t\t\t<\/div>\n\t\t\t\t<\/div>\n\t\t\t\t\t<\/div>\n\t\t<\/div>\n\t\t\t\t\t<\/div>\n\t\t<\/section>\n\t\t\t\t<section data-particle_enable=\"false\" data-particle-mobile-disabled=\"false\" class=\"elementor-section elementor-top-section elementor-element elementor-element-cda38bf elementor-section-full_width animated-slow elementor-section-height-default elementor-section-height-default elementor-invisible\" data-id=\"cda38bf\" data-element_type=\"section\" data-e-type=\"section\" data-settings=\"{&quot;background_background&quot;:&quot;classic&quot;,&quot;animation&quot;:&quot;fadeInRight&quot;}\">\n\t\t\t\t\t\t<div class=\"elementor-container elementor-column-gap-default\">\n\t\t\t\t\t<div class=\"elementor-column elementor-col-66 elementor-top-column elementor-element elementor-element-c649280\" data-id=\"c649280\" data-element_type=\"column\" data-e-type=\"column\">\n\t\t\t<div class=\"elementor-widget-wrap elementor-element-populated\">\n\t\t\t\t\t\t<div class=\"elementor-element elementor-element-bc45e19 elementor-widget elementor-widget-heading\" data-id=\"bc45e19\" data-element_type=\"widget\" data-e-type=\"widget\" data-widget_type=\"heading.default\">\n\t\t\t\t<div class=\"elementor-widget-container\">\n\t\t\t\t\t<h2 class=\"elementor-heading-title elementor-size-default\"><a href=\"http:\/\/pilsenchamberofcommerce.org\/\" target=\"_blank\">C\u00c1MARA DE COMERCIO DE PILSEN<\/a><\/h2>\t\t\t\t<\/div>\n\t\t\t\t<\/div>\n\t\t\t\t<div class=\"elementor-element elementor-element-78d4f69 elementor-widget elementor-widget-text-editor\" data-id=\"78d4f69\" data-element_type=\"widget\" data-e-type=\"widget\" data-widget_type=\"text-editor.default\">\n\t\t\t\t<div class=\"elementor-widget-container\">\n\t\t\t\t\t\t\t\t\t<h4><strong> <\/strong><\/h4>\n<p>La C\u00e1mara de Comercio de Pilsen apoya a las empresas locales a trav\u00e9s de valiosos recursos, marketing e iniciativas de divulgaci\u00f3n comunitaria. Su experimentado equipo ofrece soluciones a medida para satisfacer las necesidades espec\u00edficas de cada miembro, fomentando el crecimiento econ\u00f3mico y el desarrollo de la comunidad de Pilsen.<\/p>\n\t\t\t\t\t\t\t\t<\/div>\n\t\t\t\t<\/div>\n\t\t\t\t<div class=\"elementor-element elementor-element-98d5054 elementor-widget elementor-widget-text-editor\" data-id=\"98d5054\" data-element_type=\"widget\" data-e-type=\"widget\" data-widget_type=\"text-editor.default\">\n\t\t\t\t<div class=\"elementor-widget-container\">\n\t\t\t\t\t\t\t\t\t<ul>\n<li style=\"list-style-type: none;\">\n<ul>\n<li><span style=\"font-weight: 400;\">La misi\u00f3n de la C\u00e1mara de Comercio de Pilsen es crear un entorno econ\u00f3mico inclusivo para los negocios de nuestra comunidad, abogar por un gobierno receptivo y recursos de calidad para todos los empresarios, mientras se preserva la historia y la cultura de resiliencia de Pilsen.<\/span><\/li>\n<li><span style=\"font-weight: 400;\">La C\u00e1mara de Comercio de Pilsen ha iniciado una asociaci\u00f3n estrat\u00e9gica con la C\u00e1mara de Comercio Hispana de Illinois (IHCC) con la esperanza de crear un entorno econ\u00f3mico inclusivo para los propietarios de negocios en Pilsen. La misi\u00f3n de IHCC es cultivar conocimientos, conexiones y colaboraci\u00f3n para lograr un cambio social transformador y lograr un impacto econ\u00f3mico sostenible a trav\u00e9s del esp\u00edritu empresarial. <\/span><\/li>\n<\/ul>\n<\/li>\n<\/ul>\n\t\t\t\t\t\t\t\t<\/div>\n\t\t\t\t<\/div>\n\t\t\t\t\t<\/div>\n\t\t<\/div>\n\t\t\t\t<div class=\"elementor-column elementor-col-33 elementor-top-column elementor-element elementor-element-3694de4\" data-id=\"3694de4\" data-element_type=\"column\" data-e-type=\"column\">\n\t\t\t<div class=\"elementor-widget-wrap elementor-element-populated\">\n\t\t\t\t\t\t<div class=\"elementor-element elementor-element-46de7c5 elementor-widget elementor-widget-image\" data-id=\"46de7c5\" data-element_type=\"widget\" data-e-type=\"widget\" data-settings=\"{&quot;motion_fx_motion_fx_scrolling&quot;:&quot;yes&quot;,&quot;motion_fx_scale_effect&quot;:&quot;yes&quot;,&quot;motion_fx_scale_direction&quot;:&quot;out-in&quot;,&quot;motion_fx_scale_speed&quot;:{&quot;unit&quot;:&quot;px&quot;,&quot;size&quot;:4,&quot;sizes&quot;:[]},&quot;motion_fx_scale_range&quot;:{&quot;unit&quot;:&quot;%&quot;,&quot;size&quot;:&quot;&quot;,&quot;sizes&quot;:{&quot;start&quot;:20,&quot;end&quot;:80}},&quot;motion_fx_devices&quot;:[&quot;desktop&quot;,&quot;tablet&quot;,&quot;mobile&quot;]}\" data-widget_type=\"image.default\">\n\t\t\t\t<div class=\"elementor-widget-container\">\n\t\t\t\t\t\t\t\t\t\t\t\t\t\t\t\t<a href=\"http:\/\/pilsenchamberofcommerce.org\/\" target=\"_blank\">\n\t\t\t\t\t\t\t<img decoding=\"async\" width=\"240\" height=\"210\" src=\"https:\/\/25thward.org\/wp-content\/uploads\/2023\/09\/Pilsen-chamber-of-commerce.png\" class=\"attachment-large size-large wp-image-4554\" alt=\"\" \/>\t\t\t\t\t\t\t\t<\/a>\n\t\t\t\t\t\t\t\t\t\t\t\t\t\t\t<\/div>\n\t\t\t\t<\/div>\n\t\t\t\t\t<\/div>\n\t\t<\/div>\n\t\t\t\t\t<\/div>\n\t\t<\/section>\n\t\t\t\t<\/div>\n\t\t","protected":false},"excerpt":{"rendered":"<p>C\u00c1MARA DE COMERCIO DE LA VILLITA La C\u00e1mara de Comercio de Little Village promueve los negocios locales, el crecimiento econ\u00f3mico y la colaboraci\u00f3n comunitaria. Proporcionamos recursos y apoyo a nuestros miembros con la creaci\u00f3n de redes, talleres, y la promoci\u00f3n. Nuestro objetivo es mejorar la calidad de vida en Little Village mediante la construcci\u00f3n de [&hellip;]<\/p>\n","protected":false},"author":1,"featured_media":0,"parent":3868,"menu_order":0,"comment_status":"closed","ping_status":"closed","template":"","meta":{"site-sidebar-layout":"no-sidebar","site-content-layout":"page-builder","ast-site-content-layout":"full-width-container","site-content-style":"unboxed","site-sidebar-style":"unboxed","ast-global-header-display":"","ast-banner-title-visibility":"","ast-main-header-display":"","ast-hfb-above-header-display":"","ast-hfb-below-header-display":"","ast-hfb-mobile-header-display":"","site-post-title":"disabled","ast-breadcrumbs-content":"","ast-featured-img":"disabled","footer-sml-layout":"","theme-transparent-header-meta":"","adv-header-id-meta":"","stick-header-meta":"","header-above-stick-meta":"","header-main-stick-meta":"","header-below-stick-meta":"","astra-migrate-meta-layouts":"set","ast-page-background-enabled":"default","ast-page-background-meta":{"desktop":{"background-color":"var(--ast-global-color-4)","background-image":"","background-repeat":"repeat","background-position":"center center","background-size":"auto","background-attachment":"scroll","background-type":"","background-media":"","overlay-type":"","overlay-color":"","overlay-opacity":"","overlay-gradient":""},"tablet":{"background-color":"","background-image":"","background-repeat":"repeat","background-position":"center center","background-size":"auto","background-attachment":"scroll","background-type":"","background-media":"","overlay-type":"","overlay-color":"","overlay-opacity":"","overlay-gradient":""},"mobile":{"background-color":"","background-image":"","background-repeat":"repeat","background-position":"center center","background-size":"auto","background-attachment":"scroll","background-type":"","background-media":"","overlay-type":"","overlay-color":"","overlay-opacity":"","overlay-gradient":""}},"ast-content-background-meta":{"desktop":{"background-color":"var(--ast-global-color-5)","background-image":"","background-repeat":"repeat","background-position":"center center","background-size":"auto","background-attachment":"scroll","background-type":"","background-media":"","overlay-type":"","overlay-color":"","overlay-opacity":"","overlay-gradient":""},"tablet":{"background-color":"var(--ast-global-color-5)","background-image":"","background-repeat":"repeat","background-position":"center center","background-size":"auto","background-attachment":"scroll","background-type":"","background-media":"","overlay-type":"","overlay-color":"","overlay-opacity":"","overlay-gradient":""},"mobile":{"background-color":"var(--ast-global-color-5)","background-image":"","background-repeat":"repeat","background-position":"center center","background-size":"auto","background-attachment":"scroll","background-type":"","background-media":"","overlay-type":"","overlay-color":"","overlay-opacity":"","overlay-gradient":""}},"footnotes":""},"wf_page_folders":[19],"class_list":["post-3871","page","type-page","status-publish","hentry"],"yoast_head":"<!-- This site is optimized with the Yoast SEO Premium plugin v24.5 (Yoast SEO v27.4) - https:\/\/yoast.com\/product\/yoast-seo-premium-wordpress\/ -->\n<title>C\u00e1maras de Comercio - 25 Th Ward<\/title>\n<meta name=\"robots\" content=\"index, follow, max-snippet:-1, max-image-preview:large, max-video-preview:-1\" \/>\n<link rel=\"canonical\" href=\"https:\/\/25thward.org\/es\/negocios\/las-camaras-de-comercio\/\" \/>\n<meta property=\"og:locale\" content=\"es_ES\" \/>\n<meta property=\"og:type\" content=\"article\" \/>\n<meta property=\"og:title\" content=\"C\u00e1maras de Comercio\" \/>\n<meta property=\"og:description\" content=\"C\u00c1MARA DE COMERCIO DE LA VILLITA La C\u00e1mara de Comercio de Little Village promueve los negocios locales, el crecimiento econ\u00f3mico y la colaboraci\u00f3n comunitaria. Proporcionamos recursos y apoyo a nuestros miembros con la creaci\u00f3n de redes, talleres, y la promoci\u00f3n. Nuestro objetivo es mejorar la calidad de vida en Little Village mediante la construcci\u00f3n de [&hellip;]\" \/>\n<meta property=\"og:url\" content=\"https:\/\/25thward.org\/es\/negocios\/las-camaras-de-comercio\/\" \/>\n<meta property=\"og:site_name\" content=\"25 Th Ward\" \/>\n<meta property=\"article:publisher\" content=\"https:\/\/www.facebook.com\/SigchoFor25\" \/>\n<meta property=\"article:modified_time\" content=\"2026-02-10T21:36:09+00:00\" \/>\n<meta property=\"og:image\" content=\"https:\/\/25thward.org\/wp-content\/uploads\/2023\/09\/LVCC.webp\" \/>\n\t<meta property=\"og:image:width\" content=\"300\" \/>\n\t<meta property=\"og:image:height\" content=\"257\" \/>\n\t<meta property=\"og:image:type\" content=\"image\/webp\" \/>\n<meta name=\"twitter:card\" content=\"summary_large_image\" \/>\n<meta name=\"twitter:site\" content=\"@byronsigcho\" \/>\n<meta name=\"twitter:label1\" content=\"Tiempo de lectura\" \/>\n\t<meta name=\"twitter:data1\" content=\"3 minutos\" \/>\n<script type=\"application\/ld+json\" class=\"yoast-schema-graph\">{\"@context\":\"https:\\\/\\\/schema.org\",\"@graph\":[{\"@type\":\"WebPage\",\"@id\":\"https:\\\/\\\/25thward.org\\\/es\\\/negocios\\\/las-camaras-de-comercio\\\/\",\"url\":\"https:\\\/\\\/25thward.org\\\/es\\\/negocios\\\/las-camaras-de-comercio\\\/\",\"name\":\"C\u00e1maras de Comercio - 25 Th Ward\",\"isPartOf\":{\"@id\":\"https:\\\/\\\/25thward.org\\\/#website\"},\"primaryImageOfPage\":{\"@id\":\"https:\\\/\\\/25thward.org\\\/es\\\/negocios\\\/las-camaras-de-comercio\\\/#primaryimage\"},\"image\":{\"@id\":\"https:\\\/\\\/25thward.org\\\/es\\\/negocios\\\/las-camaras-de-comercio\\\/#primaryimage\"},\"thumbnailUrl\":\"https:\\\/\\\/25thward.org\\\/wp-content\\\/uploads\\\/2023\\\/09\\\/LVCC.webp\",\"datePublished\":\"2023-09-06T03:06:14+00:00\",\"dateModified\":\"2026-02-10T21:36:09+00:00\",\"breadcrumb\":{\"@id\":\"https:\\\/\\\/25thward.org\\\/es\\\/negocios\\\/las-camaras-de-comercio\\\/#breadcrumb\"},\"inLanguage\":\"es\",\"potentialAction\":[{\"@type\":\"ReadAction\",\"target\":[\"https:\\\/\\\/25thward.org\\\/es\\\/negocios\\\/las-camaras-de-comercio\\\/\"]}]},{\"@type\":\"ImageObject\",\"inLanguage\":\"es\",\"@id\":\"https:\\\/\\\/25thward.org\\\/es\\\/negocios\\\/las-camaras-de-comercio\\\/#primaryimage\",\"url\":\"https:\\\/\\\/25thward.org\\\/wp-content\\\/uploads\\\/2023\\\/09\\\/LVCC.webp\",\"contentUrl\":\"https:\\\/\\\/25thward.org\\\/wp-content\\\/uploads\\\/2023\\\/09\\\/LVCC.webp\"},{\"@type\":\"BreadcrumbList\",\"@id\":\"https:\\\/\\\/25thward.org\\\/es\\\/negocios\\\/las-camaras-de-comercio\\\/#breadcrumb\",\"itemListElement\":[{\"@type\":\"ListItem\",\"position\":1,\"name\":\"Home\",\"item\":\"https:\\\/\\\/25thward.org\\\/es\\\/\"},{\"@type\":\"ListItem\",\"position\":2,\"name\":\"Negocios\",\"item\":\"https:\\\/\\\/25thward.org\\\/es\\\/negocios\\\/\"},{\"@type\":\"ListItem\",\"position\":3,\"name\":\"C\u00e1maras de Comercio\"}]},{\"@type\":\"WebSite\",\"@id\":\"https:\\\/\\\/25thward.org\\\/#website\",\"url\":\"https:\\\/\\\/25thward.org\\\/\",\"name\":\"25 Th Ward\",\"description\":\"\",\"publisher\":{\"@id\":\"https:\\\/\\\/25thward.org\\\/#organization\"},\"potentialAction\":[{\"@type\":\"SearchAction\",\"target\":{\"@type\":\"EntryPoint\",\"urlTemplate\":\"https:\\\/\\\/25thward.org\\\/?s={search_term_string}\"},\"query-input\":{\"@type\":\"PropertyValueSpecification\",\"valueRequired\":true,\"valueName\":\"search_term_string\"}}],\"inLanguage\":\"es\"},{\"@type\":\"Organization\",\"@id\":\"https:\\\/\\\/25thward.org\\\/#organization\",\"name\":\"Byron Sigcho Lopez\",\"url\":\"https:\\\/\\\/25thward.org\\\/\",\"logo\":{\"@type\":\"ImageObject\",\"inLanguage\":\"es\",\"@id\":\"https:\\\/\\\/25thward.org\\\/#\\\/schema\\\/logo\\\/image\\\/\",\"url\":\"https:\\\/\\\/25thward.org\\\/wp-content\\\/uploads\\\/2023\\\/08\\\/Untitled-design-5.png\",\"contentUrl\":\"https:\\\/\\\/25thward.org\\\/wp-content\\\/uploads\\\/2023\\\/08\\\/Untitled-design-5.png\",\"width\":6912,\"height\":3456,\"caption\":\"Byron Sigcho Lopez\"},\"image\":{\"@id\":\"https:\\\/\\\/25thward.org\\\/#\\\/schema\\\/logo\\\/image\\\/\"},\"sameAs\":[\"https:\\\/\\\/www.facebook.com\\\/SigchoFor25\",\"https:\\\/\\\/x.com\\\/byronsigcho\",\"https:\\\/\\\/www.instagram.com\\\/sigchofor25\\\/\"]}]}<\/script>\n<!-- \/ Yoast SEO Premium plugin. -->","yoast_head_json":{"title":"C\u00e1maras de Comercio - 25 Th Ward","robots":{"index":"index","follow":"follow","max-snippet":"max-snippet:-1","max-image-preview":"max-image-preview:large","max-video-preview":"max-video-preview:-1"},"canonical":"https:\/\/25thward.org\/es\/negocios\/las-camaras-de-comercio\/","og_locale":"es_ES","og_type":"article","og_title":"C\u00e1maras de Comercio","og_description":"C\u00c1MARA DE COMERCIO DE LA VILLITA La C\u00e1mara de Comercio de Little Village promueve los negocios locales, el crecimiento econ\u00f3mico y la colaboraci\u00f3n comunitaria. Proporcionamos recursos y apoyo a nuestros miembros con la creaci\u00f3n de redes, talleres, y la promoci\u00f3n. Nuestro objetivo es mejorar la calidad de vida en Little Village mediante la construcci\u00f3n de [&hellip;]","og_url":"https:\/\/25thward.org\/es\/negocios\/las-camaras-de-comercio\/","og_site_name":"25 Th Ward","article_publisher":"https:\/\/www.facebook.com\/SigchoFor25","article_modified_time":"2026-02-10T21:36:09+00:00","og_image":[{"width":300,"height":257,"url":"https:\/\/25thward.org\/wp-content\/uploads\/2023\/09\/LVCC.webp","type":"image\/webp"}],"twitter_card":"summary_large_image","twitter_site":"@byronsigcho","twitter_misc":{"Tiempo de lectura":"3 minutos"},"schema":{"@context":"https:\/\/schema.org","@graph":[{"@type":"WebPage","@id":"https:\/\/25thward.org\/es\/negocios\/las-camaras-de-comercio\/","url":"https:\/\/25thward.org\/es\/negocios\/las-camaras-de-comercio\/","name":"C\u00e1maras de Comercio - 25 Th Ward","isPartOf":{"@id":"https:\/\/25thward.org\/#website"},"primaryImageOfPage":{"@id":"https:\/\/25thward.org\/es\/negocios\/las-camaras-de-comercio\/#primaryimage"},"image":{"@id":"https:\/\/25thward.org\/es\/negocios\/las-camaras-de-comercio\/#primaryimage"},"thumbnailUrl":"https:\/\/25thward.org\/wp-content\/uploads\/2023\/09\/LVCC.webp","datePublished":"2023-09-06T03:06:14+00:00","dateModified":"2026-02-10T21:36:09+00:00","breadcrumb":{"@id":"https:\/\/25thward.org\/es\/negocios\/las-camaras-de-comercio\/#breadcrumb"},"inLanguage":"es","potentialAction":[{"@type":"ReadAction","target":["https:\/\/25thward.org\/es\/negocios\/las-camaras-de-comercio\/"]}]},{"@type":"ImageObject","inLanguage":"es","@id":"https:\/\/25thward.org\/es\/negocios\/las-camaras-de-comercio\/#primaryimage","url":"https:\/\/25thward.org\/wp-content\/uploads\/2023\/09\/LVCC.webp","contentUrl":"https:\/\/25thward.org\/wp-content\/uploads\/2023\/09\/LVCC.webp"},{"@type":"BreadcrumbList","@id":"https:\/\/25thward.org\/es\/negocios\/las-camaras-de-comercio\/#breadcrumb","itemListElement":[{"@type":"ListItem","position":1,"name":"Home","item":"https:\/\/25thward.org\/es\/"},{"@type":"ListItem","position":2,"name":"Negocios","item":"https:\/\/25thward.org\/es\/negocios\/"},{"@type":"ListItem","position":3,"name":"C\u00e1maras de Comercio"}]},{"@type":"WebSite","@id":"https:\/\/25thward.org\/#website","url":"https:\/\/25thward.org\/","name":"25 Th Ward","description":"","publisher":{"@id":"https:\/\/25thward.org\/#organization"},"potentialAction":[{"@type":"SearchAction","target":{"@type":"EntryPoint","urlTemplate":"https:\/\/25thward.org\/?s={search_term_string}"},"query-input":{"@type":"PropertyValueSpecification","valueRequired":true,"valueName":"search_term_string"}}],"inLanguage":"es"},{"@type":"Organization","@id":"https:\/\/25thward.org\/#organization","name":"Byron Sigcho Lopez","url":"https:\/\/25thward.org\/","logo":{"@type":"ImageObject","inLanguage":"es","@id":"https:\/\/25thward.org\/#\/schema\/logo\/image\/","url":"https:\/\/25thward.org\/wp-content\/uploads\/2023\/08\/Untitled-design-5.png","contentUrl":"https:\/\/25thward.org\/wp-content\/uploads\/2023\/08\/Untitled-design-5.png","width":6912,"height":3456,"caption":"Byron Sigcho Lopez"},"image":{"@id":"https:\/\/25thward.org\/#\/schema\/logo\/image\/"},"sameAs":["https:\/\/www.facebook.com\/SigchoFor25","https:\/\/x.com\/byronsigcho","https:\/\/www.instagram.com\/sigchofor25\/"]}]}},"_links":{"self":[{"href":"https:\/\/25thward.org\/es\/wp-json\/wp\/v2\/pages\/3871","targetHints":{"allow":["GET"]}}],"collection":[{"href":"https:\/\/25thward.org\/es\/wp-json\/wp\/v2\/pages"}],"about":[{"href":"https:\/\/25thward.org\/es\/wp-json\/wp\/v2\/types\/page"}],"author":[{"embeddable":true,"href":"https:\/\/25thward.org\/es\/wp-json\/wp\/v2\/users\/1"}],"replies":[{"embeddable":true,"href":"https:\/\/25thward.org\/es\/wp-json\/wp\/v2\/comments?post=3871"}],"version-history":[{"count":24,"href":"https:\/\/25thward.org\/es\/wp-json\/wp\/v2\/pages\/3871\/revisions"}],"predecessor-version":[{"id":15848,"href":"https:\/\/25thward.org\/es\/wp-json\/wp\/v2\/pages\/3871\/revisions\/15848"}],"up":[{"embeddable":true,"href":"https:\/\/25thward.org\/es\/wp-json\/wp\/v2\/pages\/3868"}],"wp:attachment":[{"href":"https:\/\/25thward.org\/es\/wp-json\/wp\/v2\/media?parent=3871"}],"wp:term":[{"taxonomy":"wf_page_folders","embeddable":true,"href":"https:\/\/25thward.org\/es\/wp-json\/wp\/v2\/wf_page_folders?post=3871"}],"curies":[{"name":"wp","href":"https:\/\/api.w.org\/{rel}","templated":true}]}}